{"id":1615,"date":"2025-07-25T17:27:19","date_gmt":"2025-07-25T17:27:19","guid":{"rendered":"https:\/\/www.sbcajamarca.com.pe\/?page_id=1615"},"modified":"2025-08-29T17:31:50","modified_gmt":"2025-08-29T17:31:50","slug":"transparencia","status":"publish","type":"page","link":"https:\/\/www.sbcajamarca.com.pe\/?page_id=1615","title":{"rendered":"TRANSPARENCIA"},"content":{"rendered":"\n<p class=\"has-text-align-center is-style-text-subtitle has-text-color has-link-color has-fira-code-font-family has-xx-large-font-size wp-elements-111fe861fd04349e6322b4bbbad79e27 is-style-text-subtitle--1\" style=\"color:#352675\"><strong>Transparencia: Documentos P\u00fablicos<\/strong><\/p>\n\n\n\n<table id=\"tablepress-12\" class=\"tablepress tablepress-id-12\">\n<thead>\n<tr class=\"row-1\">\n\t<th class=\"column-1\">#<\/th><th class=\"column-2\">Nombre del Documento<\/th><th class=\"column-3\">Fecha de Publicaci\u00f3n<\/th><th class=\"column-4\">Archivo<\/th>\n<\/tr>\n<\/thead>\n<tbody class=\"row-striping row-hover\">\n<tr class=\"row-2\">\n\t<td class=\"column-1\">1<\/td><td class=\"column-2\">RESOLUCION N\u00b011-2022-SBC\/GG DESIGNAR AL GRUPO DE TRABAJO DE PREVENCION Y ACTUACION DE RIESGOS Y DESASTRES DE LA SBC<\/td><td class=\"column-3\">04-03-2022<\/td><td class=\"column-4\"><a href=\"https:\/\/www.sbcajamarca.com.pe\/wp-content\/uploads\/2025\/08\/RES_GRUP_PREV_ACT_RIESG-SBC.pdf\" target=\"_blank\" style=\"color:#003366; font-weight:bold; text-decoration:underline;\">Ver<\/a><\/td>\n<\/tr>\n<tr class=\"row-3\">\n\t<td class=\"column-1\">2<\/td><td class=\"column-2\">RESOLUCION N\u00b012-2022-SBC\/GG  APROBAR LA DIRECTIVA QUE REGULA EL INGRESO DE PERSONAL BAJO REGIMEN LABORAL DEL DECRETO LEGISLATIVO 728 EN LA SBC<\/td><td class=\"column-3\">04-03-2022<\/td><td class=\"column-4\"><a href=\"https:\/\/www.sbcajamarca.com.pe\/wp-content\/uploads\/2025\/08\/DIREC_REG_LAB_728-SBC.pdf\" target=\"_blank\" style=\"color:#003366; font-weight:bold; text-decoration:underline;\">Ver<\/a><\/td>\n<\/tr>\n<tr class=\"row-4\">\n\t<td class=\"column-1\">3<\/td><td class=\"column-2\">RESOLUCION N\u00b018-2022-SBC\/GG  APROBAR EL PROTOCOLO PARA EL RECOJO Y DISPOSICION DE RESIDUOS SOLIDOS EN EL CEMENTERIO GENERAL DE CAJAMARCA<\/td><td class=\"column-3\">25-03-2022<\/td><td class=\"column-4\"><a href=\"https:\/\/www.sbcajamarca.com.pe\/wp-content\/uploads\/2025\/08\/PROT-REC-DISPOS-RESIDUOS-SOLIDOS.pdf\" target=\"_blank\" style=\"color:#003366; font-weight:bold; text-decoration:underline;\">Ver<\/a><\/td>\n<\/tr>\n<tr class=\"row-5\">\n\t<td class=\"column-1\">4<\/td><td class=\"column-2\">RESOLUCION N\u00b021-2022-SBC\/GG APROBAR LA DIRECTIVA PROCEDIMIENTOS PARA LA ACEPTACION DE DONACIONES EN LA SBC<\/td><td class=\"column-3\">31-03-2022<\/td><td class=\"column-4\"><a href=\"https:\/\/www.sbcajamarca.com.pe\/wp-content\/uploads\/2025\/08\/Direct-Donaciones-2022.pdf\" target=\"_blank\" style=\"color:#003366; font-weight:bold; text-decoration:underline;\">Ver<\/a><\/td>\n<\/tr>\n<tr class=\"row-6\">\n\t<td class=\"column-1\">5<\/td><td class=\"column-2\">RESOLUCION N\u00b022-2022-SBC\/GG APROBAR LA DIRECTIVA PARA EL MANEJO DE FONDOS BAJO LA MODALIDAD DE ENCARGO DEL PERSONAL DE LA SBC<\/td><td class=\"column-3\">31-03-2022<\/td><td class=\"column-4\"><a href=\"https:\/\/www.sbcajamarca.com.pe\/wp-content\/uploads\/2025\/08\/Direct-Fondo-Encargos-2022.pdf\" target=\"_blank\" style=\"color:#003366; font-weight:bold; text-decoration:underline;\">Ver<\/a><\/td>\n<\/tr>\n<tr class=\"row-7\">\n\t<td class=\"column-1\">6<\/td><td class=\"column-2\">RESOLUCION N\u00b020-2022-SBC\/GG APROBAR EL REGLAMENTO DE LA CASA REFUGIO TEMPORAL Y LA RUTA DE DERIVACION PARA VICTIMAS DE VIOLENCIA A LA CASA REFUGIO DE LA SBC<\/td><td class=\"column-3\">31-03-2022<\/td><td class=\"column-4\"><a href=\"https:\/\/www.sbcajamarca.com.pe\/wp-content\/uploads\/2025\/08\/Regl-Casa-Refugio-2022.pdf\" target=\"_blank\" style=\"color:#003366; font-weight:bold; text-decoration:underline;\">Ver<\/a><\/td>\n<\/tr>\n<tr class=\"row-8\">\n\t<td class=\"column-1\">7<\/td><td class=\"column-2\">RESOLUCION N\u00b023-2022-SBC\/GG APROBAR EL REGLAMENTO INTERNO DE TRABAJO DE LA SBC<\/td><td class=\"column-3\">31-03-2022<\/td><td class=\"column-4\"><a href=\"https:\/\/www.sbcajamarca.com.pe\/wp-content\/uploads\/2025\/08\/Regl-Interno-Trabajo-2022.pdf\" target=\"_blank\" style=\"color:#003366; font-weight:bold; text-decoration:underline;\">Ver<\/a><\/td>\n<\/tr>\n<tr class=\"row-9\">\n\t<td class=\"column-1\">8<\/td><td class=\"column-2\">RESOLUCION N\u00b020-2022-SBC\/GG APROBAR EL REGLAMENTO DE LA CASA REFUGIO TEMPORAL Y LA RUTA DE DERIVACION PARA VICTIMAS DE VIOLENCIA A LA CASA REFUGIO DE LA SBC<\/td><td class=\"column-3\">07-08-2022<\/td><td class=\"column-4\"><a href=\"https:\/\/www.sbcajamarca.com.pe\/wp-content\/uploads\/2025\/08\/REGL-CASA-REF_RUTA-2022.pdf\" target=\"_blank\" style=\"color:#003366; font-weight:bold; text-decoration:underline;\">Ver<\/a><\/td>\n<\/tr>\n<tr class=\"row-10\">\n\t<td class=\"column-1\">9<\/td><td class=\"column-2\">RESOLUCION N\u00b049-2022-SBC\/GG APROBAR LA \"PROCEDIMIENTO PARA LA ADMINISTRACION DE LA PROPIEDAD INMOBILIARIA DE LA SBC<\/td><td class=\"column-3\">20-12-2022<\/td><td class=\"column-4\"><a href=\"https:\/\/www.sbcajamarca.com.pe\/wp-content\/uploads\/2025\/08\/RGG-49-22-SBC-GGPROC-ADM-INM-1.pdf\" target=\"_blank\" style=\"color:#003366; font-weight:bold; text-decoration:underline;\">Ver<\/a><\/td>\n<\/tr>\n<tr class=\"row-11\">\n\t<td class=\"column-1\">10<\/td><td class=\"column-2\">INFORME DE RENDICION DE CUENTAS<\/td><td class=\"column-3\">01-04-2025<\/td><td class=\"column-4\"><a href=\"https:\/\/www.sbcajamarca.com.pe\/wp-content\/uploads\/2025\/08\/INFORME-DE-RENDICION-DE-CUENTAS-FIRMADO.pdf\" target=\"_blank\" style=\"color:#003366; font-weight:bold; text-decoration:underline;\">Ver<\/a><br \/>\n<\/td>\n<\/tr>\n<tr class=\"row-12\">\n\t<td class=\"column-1\">11<\/td><td class=\"column-2\">MANUAL DE FUNCIONES DE LA SBC<\/td><td class=\"column-3\">15-04-2025<\/td><td class=\"column-4\"><a href=\"https:\/\/www.sbcajamarca.com.pe\/wp-content\/uploads\/2025\/08\/MANUAL-DE-FUNCIONES-SBC.pdf\" target=\"_blank\" style=\"color:#003366; font-weight:bold; text-decoration:underline;\">Ver<\/a><\/td>\n<\/tr>\n<tr class=\"row-13\">\n\t<td class=\"column-1\">12<\/td><td class=\"column-2\">POI 2025<\/td><td class=\"column-3\">15-04-2025<\/td><td class=\"column-4\"><a href=\"https:\/\/www.sbcajamarca.com.pe\/wp-content\/uploads\/2025\/08\/POI-2025.pdf\" target=\"_blank\" style=\"color:#003366; font-weight:bold; text-decoration:underline;\">Ver<\/a><\/td>\n<\/tr>\n<tr class=\"row-14\">\n\t<td class=\"column-1\">13<\/td><td class=\"column-2\">ROI-SBC<\/td><td class=\"column-3\">15-04-2025<\/td><td class=\"column-4\"><a href=\"https:\/\/www.sbcajamarca.com.pe\/wp-content\/uploads\/2025\/08\/ROI-SBC.pdf\" target=\"_blank\" style=\"color:#003366; font-weight:bold; text-decoration:underline;\">Ver<\/a><br \/>\n<\/td>\n<\/tr>\n<tr class=\"row-15\">\n\t<td class=\"column-1\">14<\/td><td class=\"column-2\">INFORME RENDICION DE CUENTAS DE TITULARES POR PERIODO ANUAL 2026<\/td><td class=\"column-3\">13-04-2026<\/td><td class=\"column-4\"><a href=\"https:\/\/www.sbcajamarca.com.pe\/wp-content\/uploads\/2026\/04\/INFORME-DE-RENDICION-DE-CUENTAS_compressed-1-1.pdf\" target=\"_blank\" style=\"color:#003366; font-weight:bold; text-decoration:underline;\">Ver<\/a><\/td>\n<\/tr>\n<\/tbody>\n<\/table>\n<!-- #tablepress-12 from cache -->\n","protected":false},"excerpt":{"rendered":"<p>Transparencia: Documentos P\u00fablicos<\/p>\n","protected":false},"author":1,"featured_media":0,"parent":0,"menu_order":0,"comment_status":"closed","ping_status":"closed","template":"page-no-title","meta":{"footnotes":""},"class_list":["post-1615","page","type-page","status-publish","hentry"],"yoast_head":"<!-- This site is optimized with the Yoast SEO plugin v27.6 - https:\/\/yoast.com\/product\/yoast-seo-wordpress\/ -->\n<title>TRANSPARENCIA - Sociedad de Beneficencia de Cajamarca<\/title>\n<meta name=\"robots\" content=\"index, follow, max-snippet:-1, max-image-preview:large, max-video-preview:-1\" \/>\n<link rel=\"canonical\" href=\"https:\/\/www.sbcajamarca.com.pe\/?page_id=1615\" \/>\n<meta property=\"og:locale\" content=\"es_ES\" \/>\n<meta property=\"og:type\" content=\"article\" \/>\n<meta property=\"og:title\" content=\"TRANSPARENCIA - Sociedad de Beneficencia de Cajamarca\" \/>\n<meta property=\"og:description\" content=\"Transparencia: Documentos P\u00fablicos\" \/>\n<meta property=\"og:url\" content=\"https:\/\/www.sbcajamarca.com.pe\/?page_id=1615\" \/>\n<meta property=\"og:site_name\" content=\"Sociedad de Beneficencia de Cajamarca\" \/>\n<meta property=\"article:modified_time\" content=\"2025-08-29T17:31:50+00:00\" \/>\n<meta property=\"og:image\" content=\"https:\/\/www.sbcajamarca.com.pe\/wp-content\/uploads\/2025\/06\/cropped-image-18.png\" \/>\n\t<meta property=\"og:image:width\" content=\"512\" \/>\n\t<meta property=\"og:image:height\" content=\"512\" \/>\n\t<meta property=\"og:image:type\" content=\"image\/png\" \/>\n<meta name=\"twitter:card\" content=\"summary_large_image\" \/>\n<meta name=\"twitter:label1\" content=\"Tiempo de lectura\" \/>\n\t<meta name=\"twitter:data1\" content=\"1 minuto\" \/>\n<script type=\"application\/ld+json\" class=\"yoast-schema-graph\">{\"@context\":\"https:\\\/\\\/schema.org\",\"@graph\":[{\"@type\":\"WebPage\",\"@id\":\"https:\\\/\\\/www.sbcajamarca.com.pe\\\/?page_id=1615\",\"url\":\"https:\\\/\\\/www.sbcajamarca.com.pe\\\/?page_id=1615\",\"name\":\"TRANSPARENCIA - Sociedad de Beneficencia de Cajamarca\",\"isPartOf\":{\"@id\":\"https:\\\/\\\/www.sbcajamarca.com.pe\\\/#website\"},\"datePublished\":\"2025-07-25T17:27:19+00:00\",\"dateModified\":\"2025-08-29T17:31:50+00:00\",\"breadcrumb\":{\"@id\":\"https:\\\/\\\/www.sbcajamarca.com.pe\\\/?page_id=1615#breadcrumb\"},\"inLanguage\":\"es\",\"potentialAction\":[{\"@type\":\"ReadAction\",\"target\":[\"https:\\\/\\\/www.sbcajamarca.com.pe\\\/?page_id=1615\"]}]},{\"@type\":\"BreadcrumbList\",\"@id\":\"https:\\\/\\\/www.sbcajamarca.com.pe\\\/?page_id=1615#breadcrumb\",\"itemListElement\":[{\"@type\":\"ListItem\",\"position\":1,\"name\":\"Portada\",\"item\":\"https:\\\/\\\/www.sbcajamarca.com.pe\\\/\"},{\"@type\":\"ListItem\",\"position\":2,\"name\":\"TRANSPARENCIA\"}]},{\"@type\":\"WebSite\",\"@id\":\"https:\\\/\\\/www.sbcajamarca.com.pe\\\/#website\",\"url\":\"https:\\\/\\\/www.sbcajamarca.com.pe\\\/\",\"name\":\"Sociedad de Beneficencia de Cajamarca\",\"description\":\"&quot;Trabajando por los mas vulnerables&quot;\",\"alternateName\":\"SBC\",\"potentialAction\":[{\"@type\":\"SearchAction\",\"target\":{\"@type\":\"EntryPoint\",\"urlTemplate\":\"https:\\\/\\\/www.sbcajamarca.com.pe\\\/?s={search_term_string}\"},\"query-input\":{\"@type\":\"PropertyValueSpecification\",\"valueRequired\":true,\"valueName\":\"search_term_string\"}}],\"inLanguage\":\"es\"}]}<\/script>\n<!-- \/ Yoast SEO plugin. -->","yoast_head_json":{"title":"TRANSPARENCIA - Sociedad de Beneficencia de Cajamarca","robots":{"index":"index","follow":"follow","max-snippet":"max-snippet:-1","max-image-preview":"max-image-preview:large","max-video-preview":"max-video-preview:-1"},"canonical":"https:\/\/www.sbcajamarca.com.pe\/?page_id=1615","og_locale":"es_ES","og_type":"article","og_title":"TRANSPARENCIA - Sociedad de Beneficencia de Cajamarca","og_description":"Transparencia: Documentos P\u00fablicos","og_url":"https:\/\/www.sbcajamarca.com.pe\/?page_id=1615","og_site_name":"Sociedad de Beneficencia de Cajamarca","article_modified_time":"2025-08-29T17:31:50+00:00","og_image":[{"width":512,"height":512,"url":"https:\/\/www.sbcajamarca.com.pe\/wp-content\/uploads\/2025\/06\/cropped-image-18.png","type":"image\/png"}],"twitter_card":"summary_large_image","twitter_misc":{"Tiempo de lectura":"1 minuto"},"schema":{"@context":"https:\/\/schema.org","@graph":[{"@type":"WebPage","@id":"https:\/\/www.sbcajamarca.com.pe\/?page_id=1615","url":"https:\/\/www.sbcajamarca.com.pe\/?page_id=1615","name":"TRANSPARENCIA - Sociedad de Beneficencia de Cajamarca","isPartOf":{"@id":"https:\/\/www.sbcajamarca.com.pe\/#website"},"datePublished":"2025-07-25T17:27:19+00:00","dateModified":"2025-08-29T17:31:50+00:00","breadcrumb":{"@id":"https:\/\/www.sbcajamarca.com.pe\/?page_id=1615#breadcrumb"},"inLanguage":"es","potentialAction":[{"@type":"ReadAction","target":["https:\/\/www.sbcajamarca.com.pe\/?page_id=1615"]}]},{"@type":"BreadcrumbList","@id":"https:\/\/www.sbcajamarca.com.pe\/?page_id=1615#breadcrumb","itemListElement":[{"@type":"ListItem","position":1,"name":"Portada","item":"https:\/\/www.sbcajamarca.com.pe\/"},{"@type":"ListItem","position":2,"name":"TRANSPARENCIA"}]},{"@type":"WebSite","@id":"https:\/\/www.sbcajamarca.com.pe\/#website","url":"https:\/\/www.sbcajamarca.com.pe\/","name":"Sociedad de Beneficencia de Cajamarca","description":"&quot;Trabajando por los mas vulnerables&quot;","alternateName":"SBC","potentialAction":[{"@type":"SearchAction","target":{"@type":"EntryPoint","urlTemplate":"https:\/\/www.sbcajamarca.com.pe\/?s={search_term_string}"},"query-input":{"@type":"PropertyValueSpecification","valueRequired":true,"valueName":"search_term_string"}}],"inLanguage":"es"}]}},"jetpack_sharing_enabled":true,"jetpack-related-posts":[{"id":879,"url":"https:\/\/www.sbcajamarca.com.pe\/?page_id=879","url_meta":{"origin":1615,"position":0},"title":"CONTACTENOS","author":"SBC_Admin","date":"17\/06\/2025","format":false,"excerpt":"CONT\u00c1CTANOS LOCAL CENTRAL Jr. Tarapac\u00e1 714 - 2do piso, Cajamarca TEL\u00c9FONO (076) 362222 Correo Electr\u00f3nico contacto@sbcacajamarca.com.pe","rel":"","context":"Entrada similar","block_context":{"text":"Entrada similar","link":""},"img":{"alt_text":"","src":"","width":0,"height":0},"classes":[]},{"id":1762,"url":"https:\/\/www.sbcajamarca.com.pe\/?page_id=1762","url_meta":{"origin":1615,"position":1},"title":"DENUNCIAS","author":"SBC_Admin","date":"01\/08\/2025","format":false,"excerpt":"DENUNCIAS AN\u00d3NIMAS La Sociedad de Beneficencia de Cajamarca, como parte de su Pol\u00edtica de Gesti\u00f3n Antisoborno, habilita un Canal de Denuncias An\u00f3nimas dirigido a sus partes interesadas, con el prop\u00f3sito de que cualquier persona pueda reportar, de buena fe, posibles irregularidades o incumplimientos relacionados con sus pol\u00edticas institucionales. Si cuenta\u2026","rel":"","context":"Entrada similar","block_context":{"text":"Entrada similar","link":""},"img":{"alt_text":"","src":"","width":0,"height":0},"classes":[]},{"id":188,"url":"https:\/\/www.sbcajamarca.com.pe\/?page_id=188","url_meta":{"origin":1615,"position":2},"title":"HISTORIA","author":"SBC_Admin","date":"17\/06\/2025","format":false,"excerpt":"HISTORIA La Sociedad fue establecida mediante Resoluci\u00f3n Suprema el 5 de noviembre de 1847, durante el gobierno del Gran Mariscal Ram\u00f3n Castilla.\u00a0 Primer Directorio: Juan P\u00edo Burga (Vicario de la provincia) Coronel Jos\u00e9 G\u00e1lvez Paz Jos\u00e9 Rosas Barrantes Dr. Juan Alzamora Vicente Souza En sus inicios, la Beneficencia asumi\u00f3 la\u2026","rel":"","context":"Entrada similar","block_context":{"text":"Entrada similar","link":""},"img":{"alt_text":"","src":"https:\/\/i0.wp.com\/www.sbcajamarca.com.pe\/wp-content\/uploads\/2025\/05\/iglesia-san-francisco-1887.jpg?resize=350%2C200&ssl=1","width":350,"height":200,"srcset":"https:\/\/i0.wp.com\/www.sbcajamarca.com.pe\/wp-content\/uploads\/2025\/05\/iglesia-san-francisco-1887.jpg?resize=350%2C200&ssl=1 1x, https:\/\/i0.wp.com\/www.sbcajamarca.com.pe\/wp-content\/uploads\/2025\/05\/iglesia-san-francisco-1887.jpg?resize=525%2C300&ssl=1 1.5x"},"classes":[]},{"id":2467,"url":"https:\/\/www.sbcajamarca.com.pe\/?page_id=2467","url_meta":{"origin":1615,"position":3},"title":"SEGURIDAD ALIMENTARIA Y BIENESTAR INTEGRAL","author":"SBC_Admin","date":"25\/08\/2025","format":false,"excerpt":"SEGURIDAD ALIMENTARIA Y BIENESTAR INTEGRAL Para la Persona Adulta La Seguridad Alimentaria y Bienestar Integral orientados a las personas adultas mayores en situaci\u00f3n de vulnerabilidad, se enmarcan en el\u00a0 importante n\u00famero de adultos mayores en pobreza y pobreza extrema, quienes se han visto seriamente afectados desde el inicio de la\u2026","rel":"","context":"Entrada similar","block_context":{"text":"Entrada similar","link":""},"img":{"alt_text":"","src":"https:\/\/i0.wp.com\/www.sbcajamarca.com.pe\/wp-content\/uploads\/2025\/08\/discapacidad3.png?resize=350%2C200&ssl=1","width":350,"height":200,"srcset":"https:\/\/i0.wp.com\/www.sbcajamarca.com.pe\/wp-content\/uploads\/2025\/08\/discapacidad3.png?resize=350%2C200&ssl=1 1x, https:\/\/i0.wp.com\/www.sbcajamarca.com.pe\/wp-content\/uploads\/2025\/08\/discapacidad3.png?resize=525%2C300&ssl=1 1.5x, https:\/\/i0.wp.com\/www.sbcajamarca.com.pe\/wp-content\/uploads\/2025\/08\/discapacidad3.png?resize=700%2C400&ssl=1 2x"},"classes":[]}],"_links":{"self":[{"href":"https:\/\/www.sbcajamarca.com.pe\/index.php?rest_route=\/wp\/v2\/pages\/1615","targetHints":{"allow":["GET"]}}],"collection":[{"href":"https:\/\/www.sbcajamarca.com.pe\/index.php?rest_route=\/wp\/v2\/pages"}],"about":[{"href":"https:\/\/www.sbcajamarca.com.pe\/index.php?rest_route=\/wp\/v2\/types\/page"}],"author":[{"embeddable":true,"href":"https:\/\/www.sbcajamarca.com.pe\/index.php?rest_route=\/wp\/v2\/users\/1"}],"replies":[{"embeddable":true,"href":"https:\/\/www.sbcajamarca.com.pe\/index.php?rest_route=%2Fwp%2Fv2%2Fcomments&post=1615"}],"version-history":[{"count":22,"href":"https:\/\/www.sbcajamarca.com.pe\/index.php?rest_route=\/wp\/v2\/pages\/1615\/revisions"}],"predecessor-version":[{"id":2673,"href":"https:\/\/www.sbcajamarca.com.pe\/index.php?rest_route=\/wp\/v2\/pages\/1615\/revisions\/2673"}],"wp:attachment":[{"href":"https:\/\/www.sbcajamarca.com.pe\/index.php?rest_route=%2Fwp%2Fv2%2Fmedia&parent=1615"}],"curies":[{"name":"wp","href":"https:\/\/api.w.org\/{rel}","templated":true}]}}