{"id":1838,"date":"2025-08-02T01:18:12","date_gmt":"2025-08-02T01:18:12","guid":{"rendered":"https:\/\/www.sbcajamarca.com.pe\/?page_id=1838"},"modified":"2026-03-30T17:36:45","modified_gmt":"2026-03-30T17:36:45","slug":"convocatorias-general","status":"publish","type":"page","link":"https:\/\/www.sbcajamarca.com.pe\/?page_id=1838","title":{"rendered":"CONVOCATORIAS GENERAL"},"content":{"rendered":"\n<div class=\"wp-block-group alignfull is-style-section-2 has-background has-global-padding is-layout-constrained wp-block-group-is-layout-constrained is-style-section-2--1\" style=\"background-color:#f9f9f9;margin-top:0;margin-bottom:0;padding-top:var(--wp--preset--spacing--60);padding-bottom:var(--wp--preset--spacing--60)\">\n<p class=\"has-text-align-center has-fira-code-font-family has-xx-large-font-size\" style=\"text-decoration:underline\"><strong>Convocatorias<\/strong><\/p>\n\n\n\n<div class=\"wp-block-group is-layout-grid wp-container-core-group-is-layout-988b637e wp-block-group-is-layout-grid\">\n<p class=\"has-text-color has-link-color wp-elements-b6cfe08535ee492165c6ccefb0961fd0 wp-container-content-2155ee95\" style=\"color:#181848\"><strong>CONVOCATORIAS SBC &#8211; 2026 <\/strong> <a href=\"https:\/\/www.sbcajamarca.com.pe\/?page_id=2972\" target=\"_blank\" rel=\"noreferrer noopener\">Ver completo <span class=\"wp-rich-text-font-awesome-icon wp-font-awesome-icon\"><svg aria-hidden=\"true\" focusable=\"false\" data-prefix=\"fas\" data-icon=\"arrow-right\" class=\"svg-inline--fa fa-arrow-right \" role=\"img\" xmlns=\"http:\/\/www.w3.org\/2000\/svg\" viewBox=\"0 0 512 512\" style=\"font-size:.8em\"><path fill=\"currentColor\" d=\"M502.6 278.6c12.5-12.5 12.5-32.8 0-45.3l-160-160c-12.5-12.5-32.8-12.5-45.3 0s-12.5 32.8 0 45.3L402.7 224 32 224c-17.7 0-32 14.3-32 32s14.3 32 32 32l370.7 0-105.4 105.4c-12.5 12.5-12.5 32.8 0 45.3s32.8 12.5 45.3 0l160-160z\"><\/path><\/svg><\/span><\/a><\/p>\n<\/div>\n<\/div>\n\n\n\n<div class=\"wp-block-group alignfull is-style-section-2 has-background has-global-padding is-layout-constrained wp-block-group-is-layout-constrained is-style-section-2--2\" style=\"background-color:#0693e3;margin-top:0;margin-bottom:0;padding-top:var(--wp--preset--spacing--60);padding-bottom:var(--wp--preset--spacing--60)\">\n<figure class=\"wp-block-image alignleft size-full is-resized\"><img fetchpriority=\"high\" decoding=\"async\" width=\"259\" height=\"259\" data-attachment-id=\"1466\" data-permalink=\"https:\/\/www.sbcajamarca.com.pe\/?attachment_id=1466\" data-orig-file=\"https:\/\/www.sbcajamarca.com.pe\/wp-content\/uploads\/2025\/05\/image-4.png\" data-orig-size=\"259,259\" data-comments-opened=\"1\" data-image-meta=\"{&quot;aperture&quot;:&quot;0&quot;,&quot;credit&quot;:&quot;&quot;,&quot;camera&quot;:&quot;&quot;,&quot;caption&quot;:&quot;&quot;,&quot;created_timestamp&quot;:&quot;0&quot;,&quot;copyright&quot;:&quot;&quot;,&quot;focal_length&quot;:&quot;0&quot;,&quot;iso&quot;:&quot;0&quot;,&quot;shutter_speed&quot;:&quot;0&quot;,&quot;title&quot;:&quot;&quot;,&quot;orientation&quot;:&quot;0&quot;}\" data-image-title=\"image\" data-image-description=\"\" data-image-caption=\"\" data-large-file=\"https:\/\/www.sbcajamarca.com.pe\/wp-content\/uploads\/2025\/05\/image-4.png\" src=\"https:\/\/www.sbcajamarca.com.pe\/wp-content\/uploads\/2025\/05\/image-4.png\" alt=\"\" class=\"wp-image-1466\" style=\"width:213px;height:auto\" srcset=\"https:\/\/www.sbcajamarca.com.pe\/wp-content\/uploads\/2025\/05\/image-4.png 259w, https:\/\/www.sbcajamarca.com.pe\/wp-content\/uploads\/2025\/05\/image-4-150x150.png 150w\" sizes=\"(max-width: 259px) 100vw, 259px\" \/><\/figure>\n\n\n\n<div class=\"wp-block-group is-layout-grid wp-container-core-group-is-layout-a9535673 wp-block-group-is-layout-grid\">\n<p class=\"has-text-align-center\"><strong>Nuestra Ubicaci\u00f3n<\/strong><\/p>\n\n\n\n<p class=\"has-text-align-center\"><strong>Horario de Atenci\u00f3n:<\/strong><\/p>\n\n\n\n<p class=\"has-text-align-center wp-container-content-b959ccbe\"><strong>Correo electr\u00f3nico<\/strong><\/p>\n\n\n\n<p class=\"has-text-align-center\">Jr. Tarapac\u00e1 714 \u2013 2do piso, Cajamarca<\/p>\n\n\n\n<p class=\"has-text-align-center\">De Lunes a viernes&nbsp;<\/p>\n\n\n\n<p class=\"wp-container-content-b959ccbe\">contacto@sbcajamarca.com.pe<\/p>\n\n\n\n<p class=\"has-text-align-center wp-container-content-b959ccbe\"><strong>T<\/strong>el\u00e9fono:             (076) 362222<\/p>\n\n\n\n<p class=\"has-text-align-center\">8:00 a 1:00 pm y de 2:00 a 5:00 pm<\/p>\n<\/div>\n<\/div>\n","protected":false},"excerpt":{"rendered":"<p>Convocatorias CONVOCATORIAS SBC &#8211; 2026 Ver completo Nuestra Ubicaci\u00f3n Horario de Atenci\u00f3n: Correo electr\u00f3nico Jr. Tarapac\u00e1 714 \u2013 2do piso, Cajamarca De Lunes a viernes&nbsp; contacto@sbcajamarca.com.pe Tel\u00e9fono: (076) 362222 8:00 a 1:00 pm y de 2:00 a 5:00 pm<\/p>\n","protected":false},"author":1,"featured_media":0,"parent":0,"menu_order":0,"comment_status":"closed","ping_status":"closed","template":"page-no-title","meta":{"footnotes":""},"class_list":["post-1838","page","type-page","status-publish","hentry"],"yoast_head":"<!-- This site is optimized with the Yoast SEO plugin v27.6 - https:\/\/yoast.com\/product\/yoast-seo-wordpress\/ -->\n<title>CONVOCATORIAS GENERAL - Sociedad de Beneficencia de Cajamarca<\/title>\n<meta name=\"robots\" content=\"index, follow, max-snippet:-1, max-image-preview:large, max-video-preview:-1\" \/>\n<link rel=\"canonical\" href=\"https:\/\/www.sbcajamarca.com.pe\/?page_id=1838\" \/>\n<meta property=\"og:locale\" content=\"es_ES\" \/>\n<meta property=\"og:type\" content=\"article\" \/>\n<meta property=\"og:title\" content=\"CONVOCATORIAS GENERAL - Sociedad de Beneficencia de Cajamarca\" \/>\n<meta property=\"og:description\" content=\"Convocatorias CONVOCATORIAS SBC &#8211; 2026 Ver completo Nuestra Ubicaci\u00f3n Horario de Atenci\u00f3n: Correo electr\u00f3nico Jr. Tarapac\u00e1 714 \u2013 2do piso, Cajamarca De Lunes a viernes&nbsp; contacto@sbcajamarca.com.pe Tel\u00e9fono: (076) 362222 8:00 a 1:00 pm y de 2:00 a 5:00 pm\" \/>\n<meta property=\"og:url\" content=\"https:\/\/www.sbcajamarca.com.pe\/?page_id=1838\" \/>\n<meta property=\"og:site_name\" content=\"Sociedad de Beneficencia de Cajamarca\" \/>\n<meta property=\"article:modified_time\" content=\"2026-03-30T17:36:45+00:00\" \/>\n<meta property=\"og:image\" content=\"https:\/\/www.sbcajamarca.com.pe\/wp-content\/uploads\/2025\/05\/image-4.png\" \/>\n\t<meta property=\"og:image:width\" content=\"259\" \/>\n\t<meta property=\"og:image:height\" content=\"259\" \/>\n\t<meta property=\"og:image:type\" content=\"image\/png\" \/>\n<meta name=\"twitter:card\" content=\"summary_large_image\" \/>\n<meta name=\"twitter:label1\" content=\"Tiempo de lectura\" \/>\n\t<meta name=\"twitter:data1\" content=\"1 minuto\" \/>\n<script type=\"application\/ld+json\" class=\"yoast-schema-graph\">{\"@context\":\"https:\\\/\\\/schema.org\",\"@graph\":[{\"@type\":\"WebPage\",\"@id\":\"https:\\\/\\\/www.sbcajamarca.com.pe\\\/?page_id=1838\",\"url\":\"https:\\\/\\\/www.sbcajamarca.com.pe\\\/?page_id=1838\",\"name\":\"CONVOCATORIAS GENERAL - Sociedad de Beneficencia de Cajamarca\",\"isPartOf\":{\"@id\":\"https:\\\/\\\/www.sbcajamarca.com.pe\\\/#website\"},\"primaryImageOfPage\":{\"@id\":\"https:\\\/\\\/www.sbcajamarca.com.pe\\\/?page_id=1838#primaryimage\"},\"image\":{\"@id\":\"https:\\\/\\\/www.sbcajamarca.com.pe\\\/?page_id=1838#primaryimage\"},\"thumbnailUrl\":\"https:\\\/\\\/www.sbcajamarca.com.pe\\\/wp-content\\\/uploads\\\/2025\\\/05\\\/image-4.png\",\"datePublished\":\"2025-08-02T01:18:12+00:00\",\"dateModified\":\"2026-03-30T17:36:45+00:00\",\"breadcrumb\":{\"@id\":\"https:\\\/\\\/www.sbcajamarca.com.pe\\\/?page_id=1838#breadcrumb\"},\"inLanguage\":\"es\",\"potentialAction\":[{\"@type\":\"ReadAction\",\"target\":[\"https:\\\/\\\/www.sbcajamarca.com.pe\\\/?page_id=1838\"]}]},{\"@type\":\"ImageObject\",\"inLanguage\":\"es\",\"@id\":\"https:\\\/\\\/www.sbcajamarca.com.pe\\\/?page_id=1838#primaryimage\",\"url\":\"https:\\\/\\\/www.sbcajamarca.com.pe\\\/wp-content\\\/uploads\\\/2025\\\/05\\\/image-4.png\",\"contentUrl\":\"https:\\\/\\\/www.sbcajamarca.com.pe\\\/wp-content\\\/uploads\\\/2025\\\/05\\\/image-4.png\",\"width\":259,\"height\":259},{\"@type\":\"BreadcrumbList\",\"@id\":\"https:\\\/\\\/www.sbcajamarca.com.pe\\\/?page_id=1838#breadcrumb\",\"itemListElement\":[{\"@type\":\"ListItem\",\"position\":1,\"name\":\"Portada\",\"item\":\"https:\\\/\\\/www.sbcajamarca.com.pe\\\/\"},{\"@type\":\"ListItem\",\"position\":2,\"name\":\"CONVOCATORIAS GENERAL\"}]},{\"@type\":\"WebSite\",\"@id\":\"https:\\\/\\\/www.sbcajamarca.com.pe\\\/#website\",\"url\":\"https:\\\/\\\/www.sbcajamarca.com.pe\\\/\",\"name\":\"Sociedad de Beneficencia de Cajamarca\",\"description\":\"&quot;Trabajando por los mas vulnerables&quot;\",\"alternateName\":\"SBC\",\"potentialAction\":[{\"@type\":\"SearchAction\",\"target\":{\"@type\":\"EntryPoint\",\"urlTemplate\":\"https:\\\/\\\/www.sbcajamarca.com.pe\\\/?s={search_term_string}\"},\"query-input\":{\"@type\":\"PropertyValueSpecification\",\"valueRequired\":true,\"valueName\":\"search_term_string\"}}],\"inLanguage\":\"es\"}]}<\/script>\n<!-- \/ Yoast SEO plugin. -->","yoast_head_json":{"title":"CONVOCATORIAS GENERAL - Sociedad de Beneficencia de Cajamarca","robots":{"index":"index","follow":"follow","max-snippet":"max-snippet:-1","max-image-preview":"max-image-preview:large","max-video-preview":"max-video-preview:-1"},"canonical":"https:\/\/www.sbcajamarca.com.pe\/?page_id=1838","og_locale":"es_ES","og_type":"article","og_title":"CONVOCATORIAS GENERAL - Sociedad de Beneficencia de Cajamarca","og_description":"Convocatorias CONVOCATORIAS SBC &#8211; 2026 Ver completo Nuestra Ubicaci\u00f3n Horario de Atenci\u00f3n: Correo electr\u00f3nico Jr. Tarapac\u00e1 714 \u2013 2do piso, Cajamarca De Lunes a viernes&nbsp; contacto@sbcajamarca.com.pe Tel\u00e9fono: (076) 362222 8:00 a 1:00 pm y de 2:00 a 5:00 pm","og_url":"https:\/\/www.sbcajamarca.com.pe\/?page_id=1838","og_site_name":"Sociedad de Beneficencia de Cajamarca","article_modified_time":"2026-03-30T17:36:45+00:00","og_image":[{"width":259,"height":259,"url":"https:\/\/www.sbcajamarca.com.pe\/wp-content\/uploads\/2025\/05\/image-4.png","type":"image\/png"}],"twitter_card":"summary_large_image","twitter_misc":{"Tiempo de lectura":"1 minuto"},"schema":{"@context":"https:\/\/schema.org","@graph":[{"@type":"WebPage","@id":"https:\/\/www.sbcajamarca.com.pe\/?page_id=1838","url":"https:\/\/www.sbcajamarca.com.pe\/?page_id=1838","name":"CONVOCATORIAS GENERAL - Sociedad de Beneficencia de Cajamarca","isPartOf":{"@id":"https:\/\/www.sbcajamarca.com.pe\/#website"},"primaryImageOfPage":{"@id":"https:\/\/www.sbcajamarca.com.pe\/?page_id=1838#primaryimage"},"image":{"@id":"https:\/\/www.sbcajamarca.com.pe\/?page_id=1838#primaryimage"},"thumbnailUrl":"https:\/\/www.sbcajamarca.com.pe\/wp-content\/uploads\/2025\/05\/image-4.png","datePublished":"2025-08-02T01:18:12+00:00","dateModified":"2026-03-30T17:36:45+00:00","breadcrumb":{"@id":"https:\/\/www.sbcajamarca.com.pe\/?page_id=1838#breadcrumb"},"inLanguage":"es","potentialAction":[{"@type":"ReadAction","target":["https:\/\/www.sbcajamarca.com.pe\/?page_id=1838"]}]},{"@type":"ImageObject","inLanguage":"es","@id":"https:\/\/www.sbcajamarca.com.pe\/?page_id=1838#primaryimage","url":"https:\/\/www.sbcajamarca.com.pe\/wp-content\/uploads\/2025\/05\/image-4.png","contentUrl":"https:\/\/www.sbcajamarca.com.pe\/wp-content\/uploads\/2025\/05\/image-4.png","width":259,"height":259},{"@type":"BreadcrumbList","@id":"https:\/\/www.sbcajamarca.com.pe\/?page_id=1838#breadcrumb","itemListElement":[{"@type":"ListItem","position":1,"name":"Portada","item":"https:\/\/www.sbcajamarca.com.pe\/"},{"@type":"ListItem","position":2,"name":"CONVOCATORIAS GENERAL"}]},{"@type":"WebSite","@id":"https:\/\/www.sbcajamarca.com.pe\/#website","url":"https:\/\/www.sbcajamarca.com.pe\/","name":"Sociedad de Beneficencia de Cajamarca","description":"&quot;Trabajando por los mas vulnerables&quot;","alternateName":"SBC","potentialAction":[{"@type":"SearchAction","target":{"@type":"EntryPoint","urlTemplate":"https:\/\/www.sbcajamarca.com.pe\/?s={search_term_string}"},"query-input":{"@type":"PropertyValueSpecification","valueRequired":true,"valueName":"search_term_string"}}],"inLanguage":"es"}]}},"jetpack_sharing_enabled":true,"jetpack-related-posts":[{"id":2972,"url":"https:\/\/www.sbcajamarca.com.pe\/?page_id=2972","url_meta":{"origin":1838,"position":0},"title":"CONVOCATORIAS 2026","author":"SBC_Admin","date":"05\/03\/2026","format":false,"excerpt":"CONVOCATORIA SBC 2026","rel":"","context":"Entrada similar","block_context":{"text":"Entrada similar","link":""},"img":{"alt_text":"","src":"https:\/\/i0.wp.com\/www.sbcajamarca.com.pe\/wp-content\/uploads\/2025\/08\/icono-de-regresar.png?resize=350%2C200&ssl=1","width":350,"height":200},"classes":[]},{"id":691,"url":"https:\/\/www.sbcajamarca.com.pe\/?page_id=691","url_meta":{"origin":1838,"position":1},"title":"FUNCIONARIOS","author":"SBC_Admin","date":"17\/06\/2025","format":false,"excerpt":"FUNCIONARIOS OFICINA GENERAL DIRECCION Y GESTION DIRECCI\u00d3N DE PRODUCCI\u00d3N Y COMERCIALIZACI\u00d3N DIRECCION DE PROMOCION SOCIAL","rel":"","context":"Entrada similar","block_context":{"text":"Entrada similar","link":""},"img":{"alt_text":"","src":"https:\/\/i0.wp.com\/www.sbcajamarca.com.pe\/wp-content\/uploads\/2026\/02\/Copia-de-Blue-and-White-Illustrated-Welcome-Banner-scaled.png?resize=350%2C200&ssl=1","width":350,"height":200,"srcset":"https:\/\/i0.wp.com\/www.sbcajamarca.com.pe\/wp-content\/uploads\/2026\/02\/Copia-de-Blue-and-White-Illustrated-Welcome-Banner-scaled.png?resize=350%2C200&ssl=1 1x, https:\/\/i0.wp.com\/www.sbcajamarca.com.pe\/wp-content\/uploads\/2026\/02\/Copia-de-Blue-and-White-Illustrated-Welcome-Banner-scaled.png?resize=525%2C300&ssl=1 1.5x, https:\/\/i0.wp.com\/www.sbcajamarca.com.pe\/wp-content\/uploads\/2026\/02\/Copia-de-Blue-and-White-Illustrated-Welcome-Banner-scaled.png?resize=700%2C400&ssl=1 2x, https:\/\/i0.wp.com\/www.sbcajamarca.com.pe\/wp-content\/uploads\/2026\/02\/Copia-de-Blue-and-White-Illustrated-Welcome-Banner-scaled.png?resize=1050%2C600&ssl=1 3x, https:\/\/i0.wp.com\/www.sbcajamarca.com.pe\/wp-content\/uploads\/2026\/02\/Copia-de-Blue-and-White-Illustrated-Welcome-Banner-scaled.png?resize=1400%2C800&ssl=1 4x"},"classes":[]},{"id":2889,"url":"https:\/\/www.sbcajamarca.com.pe\/?page_id=2889","url_meta":{"origin":1838,"position":2},"title":"SERFINC MAUSOLEO","author":"SBC_Admin","date":"22\/09\/2025","format":false,"excerpt":"SERVICIO FUNERARIO INTEGRAL DE CAJAMARCA - SERFINC MAUSOLEOS Pasos para la compra de un terreno El administrador del Cementerio General de Cajamarca ser\u00e1 el que oferte y de la disponibilidad del terreno seg\u00fan las necesidades del usuario.","rel":"","context":"Entrada similar","block_context":{"text":"Entrada similar","link":""},"img":{"alt_text":"","src":"https:\/\/i0.wp.com\/www.sbcajamarca.com.pe\/wp-content\/uploads\/2025\/06\/nuevo-1-scaled.jpg?resize=350%2C200&ssl=1","width":350,"height":200,"srcset":"https:\/\/i0.wp.com\/www.sbcajamarca.com.pe\/wp-content\/uploads\/2025\/06\/nuevo-1-scaled.jpg?resize=350%2C200&ssl=1 1x, https:\/\/i0.wp.com\/www.sbcajamarca.com.pe\/wp-content\/uploads\/2025\/06\/nuevo-1-scaled.jpg?resize=525%2C300&ssl=1 1.5x, https:\/\/i0.wp.com\/www.sbcajamarca.com.pe\/wp-content\/uploads\/2025\/06\/nuevo-1-scaled.jpg?resize=700%2C400&ssl=1 2x, https:\/\/i0.wp.com\/www.sbcajamarca.com.pe\/wp-content\/uploads\/2025\/06\/nuevo-1-scaled.jpg?resize=1050%2C600&ssl=1 3x, https:\/\/i0.wp.com\/www.sbcajamarca.com.pe\/wp-content\/uploads\/2025\/06\/nuevo-1-scaled.jpg?resize=1400%2C800&ssl=1 4x"},"classes":[]},{"id":2796,"url":"https:\/\/www.sbcajamarca.com.pe\/?page_id=2796","url_meta":{"origin":1838,"position":3},"title":"SERFINC CONTACTO","author":"SBC_Admin","date":"20\/09\/2025","format":false,"excerpt":"SERVICIO FUNERARIO INTEGRAL DE CAJAMARCA - SERFINC Cont\u00e1ctanos Informaci\u00f3n Servicio Inmediato. Atendemos las 24 horas Tel\u00e9fono CAJA: 924294967 Correo electr\u00f3nico serfincsbc@gmail.com Direcci\u00f3n: Av. La Paz Cuadra 6 - Cementerio General CONSULTAS:924296748 Chat en WhatsApp","rel":"","context":"Entrada similar","block_context":{"text":"Entrada similar","link":""},"img":{"alt_text":"","src":"https:\/\/i0.wp.com\/www.sbcajamarca.com.pe\/wp-content\/uploads\/2025\/06\/nuevo-1-scaled.jpg?resize=350%2C200&ssl=1","width":350,"height":200,"srcset":"https:\/\/i0.wp.com\/www.sbcajamarca.com.pe\/wp-content\/uploads\/2025\/06\/nuevo-1-scaled.jpg?resize=350%2C200&ssl=1 1x, https:\/\/i0.wp.com\/www.sbcajamarca.com.pe\/wp-content\/uploads\/2025\/06\/nuevo-1-scaled.jpg?resize=525%2C300&ssl=1 1.5x, https:\/\/i0.wp.com\/www.sbcajamarca.com.pe\/wp-content\/uploads\/2025\/06\/nuevo-1-scaled.jpg?resize=700%2C400&ssl=1 2x, https:\/\/i0.wp.com\/www.sbcajamarca.com.pe\/wp-content\/uploads\/2025\/06\/nuevo-1-scaled.jpg?resize=1050%2C600&ssl=1 3x, https:\/\/i0.wp.com\/www.sbcajamarca.com.pe\/wp-content\/uploads\/2025\/06\/nuevo-1-scaled.jpg?resize=1400%2C800&ssl=1 4x"},"classes":[]},{"id":2854,"url":"https:\/\/www.sbcajamarca.com.pe\/?page_id=2854","url_meta":{"origin":1838,"position":4},"title":"SERFINC SERVICIOS ESSALUD","author":"SBC_Admin","date":"20\/09\/2025","format":false,"excerpt":"SERVICIO FUNERARIO INTEGRAL DE CAJAMARCA - SERFINC Paquete Funerario ESSALUD Creado para cubrir la necesidad de los deudos en este momento dif\u00edcil, mediante un servicio a los que tengan ESSALUD(Seguro Social de Salud) Por la compra de un paquete ESSALUD es inmediata no necesita tr\u00e1mite alguno y se lo realiza\u2026","rel":"","context":"Entrada similar","block_context":{"text":"Entrada similar","link":""},"img":{"alt_text":"","src":"https:\/\/i0.wp.com\/www.sbcajamarca.com.pe\/wp-content\/uploads\/2025\/09\/Post-de-Instagram-anuncio-de-producto-de-belleza-aesthetic-promocional-beis-5.png?resize=350%2C200&ssl=1","width":350,"height":200,"srcset":"https:\/\/i0.wp.com\/www.sbcajamarca.com.pe\/wp-content\/uploads\/2025\/09\/Post-de-Instagram-anuncio-de-producto-de-belleza-aesthetic-promocional-beis-5.png?resize=350%2C200&ssl=1 1x, https:\/\/i0.wp.com\/www.sbcajamarca.com.pe\/wp-content\/uploads\/2025\/09\/Post-de-Instagram-anuncio-de-producto-de-belleza-aesthetic-promocional-beis-5.png?resize=525%2C300&ssl=1 1.5x, https:\/\/i0.wp.com\/www.sbcajamarca.com.pe\/wp-content\/uploads\/2025\/09\/Post-de-Instagram-anuncio-de-producto-de-belleza-aesthetic-promocional-beis-5.png?resize=700%2C400&ssl=1 2x, https:\/\/i0.wp.com\/www.sbcajamarca.com.pe\/wp-content\/uploads\/2025\/09\/Post-de-Instagram-anuncio-de-producto-de-belleza-aesthetic-promocional-beis-5.png?resize=1050%2C600&ssl=1 3x"},"classes":[]},{"id":2826,"url":"https:\/\/www.sbcajamarca.com.pe\/?page_id=2826","url_meta":{"origin":1838,"position":5},"title":"SERFINC SERVICIOS SIS","author":"SBC_Admin","date":"20\/09\/2025","format":false,"excerpt":"SERVICIO FUNERARIO INTEGRAL DE CAJAMARCA - SERFINC Paquete Funerario SIS Creado para cubrir la necesidad de los deudos en este momento dif\u00edcil, mediante un servicio a los que tengan SIS (Seguro Integral de Salud) Por la compra de un paquete SIS es inmediata no necesita tr\u00e1mite alguno y se lo\u2026","rel":"","context":"Entrada similar","block_context":{"text":"Entrada similar","link":""},"img":{"alt_text":"","src":"https:\/\/i0.wp.com\/www.sbcajamarca.com.pe\/wp-content\/uploads\/2025\/06\/nuevo-1-scaled.jpg?resize=350%2C200&ssl=1","width":350,"height":200,"srcset":"https:\/\/i0.wp.com\/www.sbcajamarca.com.pe\/wp-content\/uploads\/2025\/06\/nuevo-1-scaled.jpg?resize=350%2C200&ssl=1 1x, https:\/\/i0.wp.com\/www.sbcajamarca.com.pe\/wp-content\/uploads\/2025\/06\/nuevo-1-scaled.jpg?resize=525%2C300&ssl=1 1.5x, https:\/\/i0.wp.com\/www.sbcajamarca.com.pe\/wp-content\/uploads\/2025\/06\/nuevo-1-scaled.jpg?resize=700%2C400&ssl=1 2x, https:\/\/i0.wp.com\/www.sbcajamarca.com.pe\/wp-content\/uploads\/2025\/06\/nuevo-1-scaled.jpg?resize=1050%2C600&ssl=1 3x, https:\/\/i0.wp.com\/www.sbcajamarca.com.pe\/wp-content\/uploads\/2025\/06\/nuevo-1-scaled.jpg?resize=1400%2C800&ssl=1 4x"},"classes":[]}],"_links":{"self":[{"href":"https:\/\/www.sbcajamarca.com.pe\/index.php?rest_route=\/wp\/v2\/pages\/1838","targetHints":{"allow":["GET"]}}],"collection":[{"href":"https:\/\/www.sbcajamarca.com.pe\/index.php?rest_route=\/wp\/v2\/pages"}],"about":[{"href":"https:\/\/www.sbcajamarca.com.pe\/index.php?rest_route=\/wp\/v2\/types\/page"}],"author":[{"embeddable":true,"href":"https:\/\/www.sbcajamarca.com.pe\/index.php?rest_route=\/wp\/v2\/users\/1"}],"replies":[{"embeddable":true,"href":"https:\/\/www.sbcajamarca.com.pe\/index.php?rest_route=%2Fwp%2Fv2%2Fcomments&post=1838"}],"version-history":[{"count":15,"href":"https:\/\/www.sbcajamarca.com.pe\/index.php?rest_route=\/wp\/v2\/pages\/1838\/revisions"}],"predecessor-version":[{"id":3000,"href":"https:\/\/www.sbcajamarca.com.pe\/index.php?rest_route=\/wp\/v2\/pages\/1838\/revisions\/3000"}],"wp:attachment":[{"href":"https:\/\/www.sbcajamarca.com.pe\/index.php?rest_route=%2Fwp%2Fv2%2Fmedia&parent=1838"}],"curies":[{"name":"wp","href":"https:\/\/api.w.org\/{rel}","templated":true}]}}