{"id":188,"date":"2025-06-17T12:53:40","date_gmt":"2025-06-17T17:53:40","guid":{"rendered":"https:\/\/pe795.wordpress.com\/?page_id=188"},"modified":"2025-07-20T03:38:53","modified_gmt":"2025-07-20T03:38:53","slug":"nosotros","status":"publish","type":"page","link":"https:\/\/www.sbcajamarca.com.pe\/?page_id=188","title":{"rendered":"HISTORIA"},"content":{"rendered":"\n<div class=\"wp-block-cover alignfull is-light has-contrast-color has-text-color has-link-color wp-elements-98036c332e986345d63e907a0a3d085a wp-duotone-unset-3\" style=\"margin-top:0;margin-bottom:0;padding-top:var(--wp--preset--spacing--60);padding-right:var(--wp--preset--spacing--50);padding-bottom:var(--wp--preset--spacing--60);padding-left:var(--wp--preset--spacing--50);min-height:262px;aspect-ratio:unset;\"><span aria-hidden=\"true\" class=\"wp-block-cover__background has-base-background-color has-background-dim-100 has-background-dim\"><\/span><div class=\"wp-block-cover__inner-container has-global-padding is-layout-constrained wp-container-core-cover-is-layout-873ee6b1 wp-block-cover-is-layout-constrained\">\n<div class=\"wp-block-columns alignwide is-layout-flex wp-container-core-columns-is-layout-7ee84d44 wp-block-columns-is-layout-flex\">\n<div class=\"wp-block-column is-layout-flow wp-block-column-is-layout-flow\">\n<div class=\"wp-block-cover is-light has-parallax is-repeated wp-duotone-unset-2\" style=\"min-height:186px;aspect-ratio:unset;\"><div class=\"wp-block-cover__image-background wp-image-1486 size-large has-parallax is-repeated\" style=\"background-position:50% 50%;background-image:url(https:\/\/www.sbcajamarca.com.pe\/wp-content\/uploads\/2025\/07\/collage-de-fotos-1024x390.png)\"><\/div><span aria-hidden=\"true\" class=\"wp-block-cover__background has-background-dim\" style=\"background-color:#c8bfb8\"><\/span><div class=\"wp-block-cover__inner-container is-layout-flow wp-block-cover-is-layout-flow\">\n<p class=\"has-text-align-center is-style-text-subtitle has-alegreya-font-family is-style-text-subtitle--1\" style=\"font-size:clamp(3.116rem, 3.116rem + ((1vw - 0.2rem) * 4.838), 6.2rem);line-height:1.7\"><strong>HISTORIA<\/strong><\/p>\n<\/div><\/div>\n<\/div>\n<\/div>\n<\/div><\/div>\n\n\n\n<div class=\"wp-block-cover alignfull is-light has-contrast-color has-text-color has-link-color wp-elements-e870aad2111348e868d2c59315ac9058 wp-duotone-unset-4\" style=\"margin-top:0;margin-bottom:0;padding-top:var(--wp--preset--spacing--60);padding-right:var(--wp--preset--spacing--50);padding-bottom:var(--wp--preset--spacing--60);padding-left:var(--wp--preset--spacing--50)\"><span aria-hidden=\"true\" class=\"wp-block-cover__background has-accent-1-background-color has-background-dim-100 has-background-dim\"><\/span><div class=\"wp-block-cover__inner-container has-global-padding is-layout-constrained wp-container-core-cover-is-layout-873ee6b1 wp-block-cover-is-layout-constrained\">\n<div class=\"wp-block-columns alignwide is-layout-flex wp-container-core-columns-is-layout-7ee84d44 wp-block-columns-is-layout-flex\">\n<div class=\"wp-block-column is-layout-flow wp-block-column-is-layout-flow\" style=\"flex-basis:65%\">\n<div class=\"wp-block-group is-vertical is-content-justification-stretch is-layout-flex wp-container-core-group-is-layout-353c4f5a wp-block-group-is-layout-flex\">\n<p class=\"has-text-align-justify is-style-default\">La Sociedad fue establecida mediante Resoluci\u00f3n Suprema el 5 de noviembre de 1847, durante el gobierno del Gran Mariscal Ram\u00f3n Castilla.&nbsp;<\/p>\n\n\n\n<p><strong><u><strong>Primer Directorio: <\/strong><\/u><\/strong><strong><u><strong><\/strong><\/u><\/strong><\/p>\n\n\n\n<ul class=\"wp-block-list\">\n<li>Juan P\u00edo Burga (Vicario de la provincia)<\/li>\n\n\n\n<li>Coronel Jos\u00e9 G\u00e1lvez Paz<\/li>\n\n\n\n<li>Jos\u00e9 Rosas Barrantes<\/li>\n\n\n\n<li>Dr. Juan Alzamora<\/li>\n\n\n\n<li>Vicente Souza<\/li>\n<\/ul>\n\n\n\n<p class=\"has-text-align-justify\">En sus inicios, la Beneficencia asumi\u00f3 la administraci\u00f3n de hospitales y propiedades, incluyendo las haciendas de Porc\u00f3n y Chamis, as\u00ed como el fundo de Tartar en Ba\u00f1os del Inca<\/p>\n\n\n\n<p class=\"has-text-align-justify\">En 1876, las Hermanas de la Caridad de San Vicente de Pa\u00fal asumieron la gesti\u00f3n de los hospitales de Bel\u00e9n y otros establecimientos, mejorando significativamente la atenci\u00f3n m\u00e9dica y social.<\/p>\n\n\n\n<p class=\"has-text-align-justify\">Inicialmente depend\u00eda del Ministerio de Salud; posteriormente, pas\u00f3 al Instituto Nacional de Bienestar Familiar (INABIF) y, finalmente, a la Municipalidad Provincial de Cajamarca.<\/p>\n\n\n\n<p class=\"has-text-align-justify is-style-default\">Actualmente, la Sociedad es una entidad p\u00fablica descentralizada, bajo la supervisi\u00f3n de la Municipalidad Provincial de Cajamarca.<\/p>\n<\/div>\n<\/div>\n\n\n\n<div class=\"wp-block-column is-layout-flow wp-block-column-is-layout-flow\" style=\"flex-basis:35%\">\n<div class=\"wp-block-group is-vertical is-content-justification-stretch is-nowrap is-layout-flex wp-container-core-group-is-layout-73b0033c wp-block-group-is-layout-flex\">\n<figure class=\"wp-block-image size-full\"><img fetchpriority=\"high\" decoding=\"async\" width=\"650\" height=\"490\" data-attachment-id=\"115\" data-permalink=\"https:\/\/www.sbcajamarca.com.pe\/?attachment_id=115\" data-orig-file=\"https:\/\/www.sbcajamarca.com.pe\/wp-content\/uploads\/2025\/05\/iglesia-san-francisco-1887.jpg\" data-orig-size=\"650,490\" data-comments-opened=\"1\" data-image-meta=\"{&quot;aperture&quot;:&quot;0&quot;,&quot;credit&quot;:&quot;&quot;,&quot;camera&quot;:&quot;&quot;,&quot;caption&quot;:&quot;&quot;,&quot;created_timestamp&quot;:&quot;0&quot;,&quot;copyright&quot;:&quot;&quot;,&quot;focal_length&quot;:&quot;0&quot;,&quot;iso&quot;:&quot;0&quot;,&quot;shutter_speed&quot;:&quot;0&quot;,&quot;title&quot;:&quot;&quot;,&quot;orientation&quot;:&quot;0&quot;}\" data-image-title=\"Iglesia-San-Francisco-1887\" data-image-description=\"\" data-image-caption=\"\" data-large-file=\"https:\/\/www.sbcajamarca.com.pe\/wp-content\/uploads\/2025\/05\/iglesia-san-francisco-1887.jpg\" src=\"https:\/\/pe795.wordpress.com\/wp-content\/uploads\/2025\/05\/iglesia-san-francisco-1887.jpg\" alt=\"\" class=\"wp-image-115\" style=\"aspect-ratio:3\/4;object-fit:cover\" srcset=\"https:\/\/www.sbcajamarca.com.pe\/wp-content\/uploads\/2025\/05\/iglesia-san-francisco-1887.jpg 650w, https:\/\/www.sbcajamarca.com.pe\/wp-content\/uploads\/2025\/05\/iglesia-san-francisco-1887-300x226.jpg 300w\" sizes=\"(max-width: 650px) 100vw, 650px\" \/><\/figure>\n<\/div>\n<\/div>\n<\/div>\n<\/div><\/div>\n","protected":false},"excerpt":{"rendered":"","protected":false},"author":1,"featured_media":0,"parent":0,"menu_order":0,"comment_status":"closed","ping_status":"closed","template":"page-no-title","meta":{"footnotes":""},"class_list":["post-188","page","type-page","status-publish","hentry"],"yoast_head":"<!-- This site is optimized with the Yoast SEO plugin v27.6 - https:\/\/yoast.com\/product\/yoast-seo-wordpress\/ -->\n<title>HISTORIA - Sociedad de Beneficencia de Cajamarca<\/title>\n<meta name=\"robots\" content=\"index, follow, max-snippet:-1, max-image-preview:large, max-video-preview:-1\" \/>\n<link rel=\"canonical\" href=\"https:\/\/www.sbcajamarca.com.pe\/?page_id=188\" \/>\n<meta property=\"og:locale\" content=\"es_ES\" \/>\n<meta property=\"og:type\" content=\"article\" \/>\n<meta property=\"og:title\" content=\"HISTORIA - Sociedad de Beneficencia de Cajamarca\" \/>\n<meta property=\"og:url\" content=\"https:\/\/www.sbcajamarca.com.pe\/?page_id=188\" \/>\n<meta property=\"og:site_name\" content=\"Sociedad de Beneficencia de Cajamarca\" \/>\n<meta property=\"article:modified_time\" content=\"2025-07-20T03:38:53+00:00\" \/>\n<meta property=\"og:image\" content=\"https:\/\/www.sbcajamarca.com.pe\/wp-content\/uploads\/2025\/05\/iglesia-san-francisco-1887.jpg\" \/>\n\t<meta property=\"og:image:width\" content=\"650\" \/>\n\t<meta property=\"og:image:height\" content=\"490\" \/>\n\t<meta property=\"og:image:type\" content=\"image\/jpeg\" \/>\n<meta name=\"twitter:card\" content=\"summary_large_image\" \/>\n<meta name=\"twitter:label1\" content=\"Tiempo de lectura\" \/>\n\t<meta name=\"twitter:data1\" content=\"1 minuto\" \/>\n<script type=\"application\/ld+json\" class=\"yoast-schema-graph\">{\"@context\":\"https:\\\/\\\/schema.org\",\"@graph\":[{\"@type\":\"WebPage\",\"@id\":\"https:\\\/\\\/www.sbcajamarca.com.pe\\\/?page_id=188\",\"url\":\"https:\\\/\\\/www.sbcajamarca.com.pe\\\/?page_id=188\",\"name\":\"HISTORIA - Sociedad de Beneficencia de Cajamarca\",\"isPartOf\":{\"@id\":\"https:\\\/\\\/www.sbcajamarca.com.pe\\\/#website\"},\"primaryImageOfPage\":{\"@id\":\"https:\\\/\\\/www.sbcajamarca.com.pe\\\/?page_id=188#primaryimage\"},\"image\":{\"@id\":\"https:\\\/\\\/www.sbcajamarca.com.pe\\\/?page_id=188#primaryimage\"},\"thumbnailUrl\":\"https:\\\/\\\/pe795.wordpress.com\\\/wp-content\\\/uploads\\\/2025\\\/05\\\/iglesia-san-francisco-1887.jpg\",\"datePublished\":\"2025-06-17T17:53:40+00:00\",\"dateModified\":\"2025-07-20T03:38:53+00:00\",\"breadcrumb\":{\"@id\":\"https:\\\/\\\/www.sbcajamarca.com.pe\\\/?page_id=188#breadcrumb\"},\"inLanguage\":\"es\",\"potentialAction\":[{\"@type\":\"ReadAction\",\"target\":[\"https:\\\/\\\/www.sbcajamarca.com.pe\\\/?page_id=188\"]}]},{\"@type\":\"ImageObject\",\"inLanguage\":\"es\",\"@id\":\"https:\\\/\\\/www.sbcajamarca.com.pe\\\/?page_id=188#primaryimage\",\"url\":\"https:\\\/\\\/pe795.wordpress.com\\\/wp-content\\\/uploads\\\/2025\\\/05\\\/iglesia-san-francisco-1887.jpg\",\"contentUrl\":\"https:\\\/\\\/pe795.wordpress.com\\\/wp-content\\\/uploads\\\/2025\\\/05\\\/iglesia-san-francisco-1887.jpg\"},{\"@type\":\"BreadcrumbList\",\"@id\":\"https:\\\/\\\/www.sbcajamarca.com.pe\\\/?page_id=188#breadcrumb\",\"itemListElement\":[{\"@type\":\"ListItem\",\"position\":1,\"name\":\"Portada\",\"item\":\"https:\\\/\\\/www.sbcajamarca.com.pe\\\/\"},{\"@type\":\"ListItem\",\"position\":2,\"name\":\"HISTORIA\"}]},{\"@type\":\"WebSite\",\"@id\":\"https:\\\/\\\/www.sbcajamarca.com.pe\\\/#website\",\"url\":\"https:\\\/\\\/www.sbcajamarca.com.pe\\\/\",\"name\":\"Sociedad de Beneficencia de Cajamarca\",\"description\":\"&quot;Trabajando por los mas vulnerables&quot;\",\"alternateName\":\"SBC\",\"potentialAction\":[{\"@type\":\"SearchAction\",\"target\":{\"@type\":\"EntryPoint\",\"urlTemplate\":\"https:\\\/\\\/www.sbcajamarca.com.pe\\\/?s={search_term_string}\"},\"query-input\":{\"@type\":\"PropertyValueSpecification\",\"valueRequired\":true,\"valueName\":\"search_term_string\"}}],\"inLanguage\":\"es\"}]}<\/script>\n<!-- \/ Yoast SEO plugin. -->","yoast_head_json":{"title":"HISTORIA - Sociedad de Beneficencia de Cajamarca","robots":{"index":"index","follow":"follow","max-snippet":"max-snippet:-1","max-image-preview":"max-image-preview:large","max-video-preview":"max-video-preview:-1"},"canonical":"https:\/\/www.sbcajamarca.com.pe\/?page_id=188","og_locale":"es_ES","og_type":"article","og_title":"HISTORIA - Sociedad de Beneficencia de Cajamarca","og_url":"https:\/\/www.sbcajamarca.com.pe\/?page_id=188","og_site_name":"Sociedad de Beneficencia de Cajamarca","article_modified_time":"2025-07-20T03:38:53+00:00","og_image":[{"width":650,"height":490,"url":"https:\/\/www.sbcajamarca.com.pe\/wp-content\/uploads\/2025\/05\/iglesia-san-francisco-1887.jpg","type":"image\/jpeg"}],"twitter_card":"summary_large_image","twitter_misc":{"Tiempo de lectura":"1 minuto"},"schema":{"@context":"https:\/\/schema.org","@graph":[{"@type":"WebPage","@id":"https:\/\/www.sbcajamarca.com.pe\/?page_id=188","url":"https:\/\/www.sbcajamarca.com.pe\/?page_id=188","name":"HISTORIA - Sociedad de Beneficencia de Cajamarca","isPartOf":{"@id":"https:\/\/www.sbcajamarca.com.pe\/#website"},"primaryImageOfPage":{"@id":"https:\/\/www.sbcajamarca.com.pe\/?page_id=188#primaryimage"},"image":{"@id":"https:\/\/www.sbcajamarca.com.pe\/?page_id=188#primaryimage"},"thumbnailUrl":"https:\/\/pe795.wordpress.com\/wp-content\/uploads\/2025\/05\/iglesia-san-francisco-1887.jpg","datePublished":"2025-06-17T17:53:40+00:00","dateModified":"2025-07-20T03:38:53+00:00","breadcrumb":{"@id":"https:\/\/www.sbcajamarca.com.pe\/?page_id=188#breadcrumb"},"inLanguage":"es","potentialAction":[{"@type":"ReadAction","target":["https:\/\/www.sbcajamarca.com.pe\/?page_id=188"]}]},{"@type":"ImageObject","inLanguage":"es","@id":"https:\/\/www.sbcajamarca.com.pe\/?page_id=188#primaryimage","url":"https:\/\/pe795.wordpress.com\/wp-content\/uploads\/2025\/05\/iglesia-san-francisco-1887.jpg","contentUrl":"https:\/\/pe795.wordpress.com\/wp-content\/uploads\/2025\/05\/iglesia-san-francisco-1887.jpg"},{"@type":"BreadcrumbList","@id":"https:\/\/www.sbcajamarca.com.pe\/?page_id=188#breadcrumb","itemListElement":[{"@type":"ListItem","position":1,"name":"Portada","item":"https:\/\/www.sbcajamarca.com.pe\/"},{"@type":"ListItem","position":2,"name":"HISTORIA"}]},{"@type":"WebSite","@id":"https:\/\/www.sbcajamarca.com.pe\/#website","url":"https:\/\/www.sbcajamarca.com.pe\/","name":"Sociedad de Beneficencia de Cajamarca","description":"&quot;Trabajando por los mas vulnerables&quot;","alternateName":"SBC","potentialAction":[{"@type":"SearchAction","target":{"@type":"EntryPoint","urlTemplate":"https:\/\/www.sbcajamarca.com.pe\/?s={search_term_string}"},"query-input":{"@type":"PropertyValueSpecification","valueRequired":true,"valueName":"search_term_string"}}],"inLanguage":"es"}]}},"jetpack_sharing_enabled":true,"jetpack-related-posts":[],"_links":{"self":[{"href":"https:\/\/www.sbcajamarca.com.pe\/index.php?rest_route=\/wp\/v2\/pages\/188","targetHints":{"allow":["GET"]}}],"collection":[{"href":"https:\/\/www.sbcajamarca.com.pe\/index.php?rest_route=\/wp\/v2\/pages"}],"about":[{"href":"https:\/\/www.sbcajamarca.com.pe\/index.php?rest_route=\/wp\/v2\/types\/page"}],"author":[{"embeddable":true,"href":"https:\/\/www.sbcajamarca.com.pe\/index.php?rest_route=\/wp\/v2\/users\/1"}],"replies":[{"embeddable":true,"href":"https:\/\/www.sbcajamarca.com.pe\/index.php?rest_route=%2Fwp%2Fv2%2Fcomments&post=188"}],"version-history":[{"count":3,"href":"https:\/\/www.sbcajamarca.com.pe\/index.php?rest_route=\/wp\/v2\/pages\/188\/revisions"}],"predecessor-version":[{"id":1488,"href":"https:\/\/www.sbcajamarca.com.pe\/index.php?rest_route=\/wp\/v2\/pages\/188\/revisions\/1488"}],"wp:attachment":[{"href":"https:\/\/www.sbcajamarca.com.pe\/index.php?rest_route=%2Fwp%2Fv2%2Fmedia&parent=188"}],"curies":[{"name":"wp","href":"https:\/\/api.w.org\/{rel}","templated":true}]}}