{"id":2042,"date":"2025-08-12T16:25:29","date_gmt":"2025-08-12T16:25:29","guid":{"rendered":"https:\/\/www.sbcajamarca.com.pe\/?page_id=2042"},"modified":"2025-10-16T15:21:43","modified_gmt":"2025-10-16T15:21:43","slug":"servicios-inmobiliarios","status":"publish","type":"page","link":"https:\/\/www.sbcajamarca.com.pe\/?page_id=2042","title":{"rendered":"SERVICIOS INMOBILIARIOS"},"content":{"rendered":"\n<div class=\"wp-block-group alignfull is-style-section-4 has-background has-global-padding is-layout-constrained wp-block-group-is-layout-constrained is-style-section-4--1\" style=\"background-color:#75bdea;margin-top:0;margin-bottom:0;padding-top:var(--wp--preset--spacing--60);padding-bottom:var(--wp--preset--spacing--60)\">\n<p class=\"has-text-align-center is-style-text-subtitle has-accent-3-color has-text-color has-link-color has-xx-large-font-size wp-elements-9640539803d2f30b8a488c601570692b is-style-text-subtitle--2\"><strong>SERVICIOS INMOBILIARIOS<\/strong><\/p>\n\n\n\n<div class=\"wp-block-columns is-layout-flex wp-container-core-columns-is-layout-28f84493 wp-block-columns-is-layout-flex\">\n<div class=\"wp-block-column is-layout-flow wp-block-column-is-layout-flow\">\n<div style=\"max-width: 100% !important; width: 100% !important;\"> <p style=\"text-align: justify; color: black; font-size: 16px; line-height: 1.4;\"> La Sociedad de Beneficencia de Cajamarca anuncia la disponibilidad de amplias y modernas oficinas en alquiler, ubicadas en el centro hist\u00f3rico de la ciudad. Perfectas para estudios contables, jur\u00eddicos o profesionales, estas oficinas ofrecen una ubicaci\u00f3n estrat\u00e9gica que facilita la atenci\u00f3n al cliente. Aproveche esta oportunidad para potenciar la presencia de su empresa en una zona privilegiada de Cajamarca.<\/p> <\/div>\n<\/div>\n<\/div>\n\n\n\n<p class=\"has-contrast-color has-text-color has-link-color wp-elements-d011d161a8842298e4d501fc0b846c13\"><strong>Informes:<\/strong>  Jr. Tarapac\u00e1 714- 2do piso \u00f3  al WhatsApp: <strong>977554768<\/strong> <\/p>\n\n\n\n<div class=\"wp-block-jetpack-send-a-message\">\n<div class=\"wp-block-jetpack-whatsapp-button aligncenter is-color-dark\"><a class=\"whatsapp-block__button\" href=\"https:\/\/api.whatsapp.com\/send?phone=51977554768&amp;text=Hola%2C%20tengo%20tu%20informaci%C3%B3n%20de%20WhatsApp%20de%20tu%20web.\" style=\"background-color:#25D366;color:#fff\" target=\"_self\" rel=\"noopener noreferrer\">Chat en WhatsApp<\/a><\/div>\n<\/div>\n<\/div>\n\n\n\n<div class=\"wp-block-group alignfull is-style-section-4 has-base-background-color has-background has-global-padding is-layout-constrained wp-block-group-is-layout-constrained is-style-section-4--3\" style=\"margin-top:0;margin-bottom:0;padding-top:var(--wp--preset--spacing--60);padding-bottom:var(--wp--preset--spacing--40)\">\n<p class=\"has-text-align-center is-style-text-subtitle has-accent-3-color has-text-color has-link-color has-x-large-font-size wp-elements-b023e459a7ffeb82353b794d30a73aa4 is-style-text-subtitle--4\">ALQUILER DE INMUEBLES<\/p>\n\n\n\n<p class=\"has-text-align-center is-style-text-subtitle has-accent-3-color has-text-color has-link-color has-x-large-font-size wp-elements-5601e785bf0ecf377de6d164a63b8070 is-style-text-subtitle--5\"><strong>Oficinas en Alquiler Jr. Tarapac\u00e1<\/strong><\/p>\n\n\n\n<table id=\"tablepress-10\" class=\"tablepress tablepress-id-10\">\n<thead>\n<tr class=\"row-1\">\n\t<th class=\"column-1\">#<\/th><th class=\"column-2\">UBICACION<\/th><th class=\"column-3\">OFICINA<\/th><th class=\"column-4\">\u00c1REA Mts2<\/th><th class=\"column-5\">SERVICIOS<\/th><th class=\"column-6\">IMAGEN DE REFERENCIA<\/th>\n<\/tr>\n<\/thead>\n<tbody class=\"row-striping row-hover\">\n<tr class=\"row-2\">\n\t<td class=\"column-1\">1<\/td><td class=\"column-2\">Jr. Tarapac\u00e1 #714<\/td><td class=\"column-3\">302-303-304-306<\/td><td class=\"column-4\">404.15<\/td><td class=\"column-5\">Agua y Luz<\/td><td class=\"column-6\"><\/td>\n<\/tr>\n<\/tbody>\n<\/table>\n<!-- #tablepress-10 from cache -->\n\n\n\n<p class=\"has-text-align-center is-style-text-subtitle has-accent-3-color has-text-color has-link-color has-x-large-font-size wp-elements-f8db0e76199a7bf76e48adc379a6f2cd is-style-text-subtitle--6\"><strong>Oficinas en Alquiler Jr. Apur\u00edmac<\/strong><\/p>\n\n\n\n<table id=\"tablepress-8\" class=\"tablepress tablepress-id-8\">\n<thead>\n<tr class=\"row-1\">\n\t<th class=\"column-1\">#<\/th><th class=\"column-2\">UBICACION<\/th><th class=\"column-3\">OFICINA<\/th><th class=\"column-4\">\u00c1REA Mts2<\/th><th class=\"column-5\">SERVICIOS<\/th><th class=\"column-6\">IMAGEN DE REFERENCIA<\/th>\n<\/tr>\n<\/thead>\n<tbody class=\"row-striping row-hover\">\n<tr class=\"row-2\">\n\t<td class=\"column-1\">1<\/td><td class=\"column-2\">Jr. Apur\u00edmac # 694<\/td><td class=\"column-3\">205<\/td><td class=\"column-4\">31.50<\/td><td class=\"column-5\">Agua y Luz<\/td><td class=\"column-6\"><\/td>\n<\/tr>\n<tr class=\"row-3\">\n\t<td class=\"column-1\">2<\/td><td class=\"column-2\">Jr. Apur\u00edmac # 694<\/td><td class=\"column-3\">210<\/td><td class=\"column-4\">38.25<\/td><td class=\"column-5\">Agua y Luz<\/td><td class=\"column-6\"><\/td>\n<\/tr>\n<tr class=\"row-4\">\n\t<td class=\"column-1\">3<\/td><td class=\"column-2\">Jr. Apur\u00edmac # 694<\/td><td class=\"column-3\">303<\/td><td class=\"column-4\">38.25<\/td><td class=\"column-5\">Agua y Luz<\/td><td class=\"column-6\"><\/td>\n<\/tr>\n<tr class=\"row-5\">\n\t<td class=\"column-1\">4<\/td><td class=\"column-2\">Jr. Apur\u00edmac # 694<\/td><td class=\"column-3\">306<\/td><td class=\"column-4\">38.25<\/td><td class=\"column-5\">Agua y Luz<\/td><td class=\"column-6\"><\/td>\n<\/tr>\n<tr class=\"row-6\">\n\t<td class=\"column-1\">5<\/td><td class=\"column-2\">Jr. Apur\u00edmac # 694<\/td><td class=\"column-3\">307<\/td><td class=\"column-4\">45.45<\/td><td class=\"column-5\">Agua y Luz<\/td><td class=\"column-6\"><\/td>\n<\/tr>\n<tr class=\"row-7\">\n\t<td class=\"column-1\">6<\/td><td class=\"column-2\">Jr. Apur\u00edmac # 694<\/td><td class=\"column-3\">309<\/td><td class=\"column-4\">52.26<\/td><td class=\"column-5\">Agua y Luz<\/td><td class=\"column-6\"><\/td>\n<\/tr>\n<tr class=\"row-8\">\n\t<td class=\"column-1\">7<\/td><td class=\"column-2\">Jr. Apur\u00edmac # 694<\/td><td class=\"column-3\">310<\/td><td class=\"column-4\">38.25<\/td><td class=\"column-5\">Agua y Luz<\/td><td class=\"column-6\"><\/td>\n<\/tr>\n<\/tbody>\n<\/table>\n<!-- #tablepress-8 from cache -->\n<\/div>\n","protected":false},"excerpt":{"rendered":"<p>SERVICIOS INMOBILIARIOS La Sociedad de Beneficencia de Cajamarca anuncia la disponibilidad de amplias y modernas oficinas en alquiler, ubicadas en el centro hist\u00f3rico de la ciudad. Perfectas para estudios contables, jur\u00eddicos o profesionales, estas oficinas ofrecen una ubicaci\u00f3n estrat\u00e9gica que facilita la atenci\u00f3n al cliente. Aproveche esta oportunidad para potenciar la presencia de su empresa en una zona privilegiada de Cajamarca. Informes: Jr. Tarapac\u00e1 714- 2do piso \u00f3 al WhatsApp: 977554768 ALQUILER DE INMUEBLES Oficinas en Alquiler Jr. Tarapac\u00e1 Oficinas en Alquiler Jr. Apur\u00edmac<\/p>\n","protected":false},"author":1,"featured_media":0,"parent":0,"menu_order":0,"comment_status":"closed","ping_status":"closed","template":"page-no-title","meta":{"footnotes":""},"class_list":["post-2042","page","type-page","status-publish","hentry"],"yoast_head":"<!-- This site is optimized with the Yoast SEO plugin v27.6 - https:\/\/yoast.com\/product\/yoast-seo-wordpress\/ -->\n<title>SERVICIOS INMOBILIARIOS - Sociedad de Beneficencia de Cajamarca<\/title>\n<meta name=\"robots\" content=\"index, follow, max-snippet:-1, max-image-preview:large, max-video-preview:-1\" \/>\n<link rel=\"canonical\" href=\"https:\/\/www.sbcajamarca.com.pe\/?page_id=2042\" \/>\n<meta property=\"og:locale\" content=\"es_ES\" \/>\n<meta property=\"og:type\" content=\"article\" \/>\n<meta property=\"og:title\" content=\"SERVICIOS INMOBILIARIOS - Sociedad de Beneficencia de Cajamarca\" \/>\n<meta property=\"og:description\" content=\"SERVICIOS INMOBILIARIOS La Sociedad de Beneficencia de Cajamarca anuncia la disponibilidad de amplias y modernas oficinas en alquiler, ubicadas en el centro hist\u00f3rico de la ciudad. Perfectas para estudios contables, jur\u00eddicos o profesionales, estas oficinas ofrecen una ubicaci\u00f3n estrat\u00e9gica que facilita la atenci\u00f3n al cliente. Aproveche esta oportunidad para potenciar la presencia de su empresa en una zona privilegiada de Cajamarca. Informes: Jr. Tarapac\u00e1 714- 2do piso \u00f3 al WhatsApp: 977554768 ALQUILER DE INMUEBLES Oficinas en Alquiler Jr. Tarapac\u00e1 Oficinas en Alquiler Jr. Apur\u00edmac\" \/>\n<meta property=\"og:url\" content=\"https:\/\/www.sbcajamarca.com.pe\/?page_id=2042\" \/>\n<meta property=\"og:site_name\" content=\"Sociedad de Beneficencia de Cajamarca\" \/>\n<meta property=\"article:modified_time\" content=\"2025-10-16T15:21:43+00:00\" \/>\n<meta property=\"og:image\" content=\"https:\/\/www.sbcajamarca.com.pe\/wp-content\/uploads\/2025\/06\/cropped-image-18.png\" \/>\n\t<meta property=\"og:image:width\" content=\"512\" \/>\n\t<meta property=\"og:image:height\" content=\"512\" \/>\n\t<meta property=\"og:image:type\" content=\"image\/png\" \/>\n<meta name=\"twitter:card\" content=\"summary_large_image\" \/>\n<meta name=\"twitter:label1\" content=\"Tiempo de lectura\" \/>\n\t<meta name=\"twitter:data1\" content=\"1 minuto\" \/>\n<script type=\"application\/ld+json\" class=\"yoast-schema-graph\">{\"@context\":\"https:\\\/\\\/schema.org\",\"@graph\":[{\"@type\":\"WebPage\",\"@id\":\"https:\\\/\\\/www.sbcajamarca.com.pe\\\/?page_id=2042\",\"url\":\"https:\\\/\\\/www.sbcajamarca.com.pe\\\/?page_id=2042\",\"name\":\"SERVICIOS INMOBILIARIOS - Sociedad de Beneficencia de Cajamarca\",\"isPartOf\":{\"@id\":\"https:\\\/\\\/www.sbcajamarca.com.pe\\\/#website\"},\"datePublished\":\"2025-08-12T16:25:29+00:00\",\"dateModified\":\"2025-10-16T15:21:43+00:00\",\"breadcrumb\":{\"@id\":\"https:\\\/\\\/www.sbcajamarca.com.pe\\\/?page_id=2042#breadcrumb\"},\"inLanguage\":\"es\",\"potentialAction\":[{\"@type\":\"ReadAction\",\"target\":[\"https:\\\/\\\/www.sbcajamarca.com.pe\\\/?page_id=2042\"]}]},{\"@type\":\"BreadcrumbList\",\"@id\":\"https:\\\/\\\/www.sbcajamarca.com.pe\\\/?page_id=2042#breadcrumb\",\"itemListElement\":[{\"@type\":\"ListItem\",\"position\":1,\"name\":\"Portada\",\"item\":\"https:\\\/\\\/www.sbcajamarca.com.pe\\\/\"},{\"@type\":\"ListItem\",\"position\":2,\"name\":\"SERVICIOS INMOBILIARIOS\"}]},{\"@type\":\"WebSite\",\"@id\":\"https:\\\/\\\/www.sbcajamarca.com.pe\\\/#website\",\"url\":\"https:\\\/\\\/www.sbcajamarca.com.pe\\\/\",\"name\":\"Sociedad de Beneficencia de Cajamarca\",\"description\":\"&quot;Trabajando por los mas vulnerables&quot;\",\"alternateName\":\"SBC\",\"potentialAction\":[{\"@type\":\"SearchAction\",\"target\":{\"@type\":\"EntryPoint\",\"urlTemplate\":\"https:\\\/\\\/www.sbcajamarca.com.pe\\\/?s={search_term_string}\"},\"query-input\":{\"@type\":\"PropertyValueSpecification\",\"valueRequired\":true,\"valueName\":\"search_term_string\"}}],\"inLanguage\":\"es\"}]}<\/script>\n<!-- \/ Yoast SEO plugin. -->","yoast_head_json":{"title":"SERVICIOS INMOBILIARIOS - Sociedad de Beneficencia de Cajamarca","robots":{"index":"index","follow":"follow","max-snippet":"max-snippet:-1","max-image-preview":"max-image-preview:large","max-video-preview":"max-video-preview:-1"},"canonical":"https:\/\/www.sbcajamarca.com.pe\/?page_id=2042","og_locale":"es_ES","og_type":"article","og_title":"SERVICIOS INMOBILIARIOS - Sociedad de Beneficencia de Cajamarca","og_description":"SERVICIOS INMOBILIARIOS La Sociedad de Beneficencia de Cajamarca anuncia la disponibilidad de amplias y modernas oficinas en alquiler, ubicadas en el centro hist\u00f3rico de la ciudad. Perfectas para estudios contables, jur\u00eddicos o profesionales, estas oficinas ofrecen una ubicaci\u00f3n estrat\u00e9gica que facilita la atenci\u00f3n al cliente. Aproveche esta oportunidad para potenciar la presencia de su empresa en una zona privilegiada de Cajamarca. Informes: Jr. Tarapac\u00e1 714- 2do piso \u00f3 al WhatsApp: 977554768 ALQUILER DE INMUEBLES Oficinas en Alquiler Jr. Tarapac\u00e1 Oficinas en Alquiler Jr. Apur\u00edmac","og_url":"https:\/\/www.sbcajamarca.com.pe\/?page_id=2042","og_site_name":"Sociedad de Beneficencia de Cajamarca","article_modified_time":"2025-10-16T15:21:43+00:00","og_image":[{"width":512,"height":512,"url":"https:\/\/www.sbcajamarca.com.pe\/wp-content\/uploads\/2025\/06\/cropped-image-18.png","type":"image\/png"}],"twitter_card":"summary_large_image","twitter_misc":{"Tiempo de lectura":"1 minuto"},"schema":{"@context":"https:\/\/schema.org","@graph":[{"@type":"WebPage","@id":"https:\/\/www.sbcajamarca.com.pe\/?page_id=2042","url":"https:\/\/www.sbcajamarca.com.pe\/?page_id=2042","name":"SERVICIOS INMOBILIARIOS - Sociedad de Beneficencia de Cajamarca","isPartOf":{"@id":"https:\/\/www.sbcajamarca.com.pe\/#website"},"datePublished":"2025-08-12T16:25:29+00:00","dateModified":"2025-10-16T15:21:43+00:00","breadcrumb":{"@id":"https:\/\/www.sbcajamarca.com.pe\/?page_id=2042#breadcrumb"},"inLanguage":"es","potentialAction":[{"@type":"ReadAction","target":["https:\/\/www.sbcajamarca.com.pe\/?page_id=2042"]}]},{"@type":"BreadcrumbList","@id":"https:\/\/www.sbcajamarca.com.pe\/?page_id=2042#breadcrumb","itemListElement":[{"@type":"ListItem","position":1,"name":"Portada","item":"https:\/\/www.sbcajamarca.com.pe\/"},{"@type":"ListItem","position":2,"name":"SERVICIOS INMOBILIARIOS"}]},{"@type":"WebSite","@id":"https:\/\/www.sbcajamarca.com.pe\/#website","url":"https:\/\/www.sbcajamarca.com.pe\/","name":"Sociedad de Beneficencia de Cajamarca","description":"&quot;Trabajando por los mas vulnerables&quot;","alternateName":"SBC","potentialAction":[{"@type":"SearchAction","target":{"@type":"EntryPoint","urlTemplate":"https:\/\/www.sbcajamarca.com.pe\/?s={search_term_string}"},"query-input":{"@type":"PropertyValueSpecification","valueRequired":true,"valueName":"search_term_string"}}],"inLanguage":"es"}]}},"jetpack_sharing_enabled":true,"jetpack-related-posts":[{"id":2826,"url":"https:\/\/www.sbcajamarca.com.pe\/?page_id=2826","url_meta":{"origin":2042,"position":0},"title":"SERFINC SERVICIOS SIS","author":"SBC_Admin","date":"20\/09\/2025","format":false,"excerpt":"SERVICIO FUNERARIO INTEGRAL DE CAJAMARCA - SERFINC Paquete Funerario SIS Creado para cubrir la necesidad de los deudos en este momento dif\u00edcil, mediante un servicio a los que tengan SIS (Seguro Integral de Salud) Por la compra de un paquete SIS es inmediata no necesita tr\u00e1mite alguno y se lo\u2026","rel":"","context":"Entrada similar","block_context":{"text":"Entrada similar","link":""},"img":{"alt_text":"","src":"https:\/\/i0.wp.com\/www.sbcajamarca.com.pe\/wp-content\/uploads\/2025\/06\/nuevo-1-scaled.jpg?resize=350%2C200&ssl=1","width":350,"height":200,"srcset":"https:\/\/i0.wp.com\/www.sbcajamarca.com.pe\/wp-content\/uploads\/2025\/06\/nuevo-1-scaled.jpg?resize=350%2C200&ssl=1 1x, https:\/\/i0.wp.com\/www.sbcajamarca.com.pe\/wp-content\/uploads\/2025\/06\/nuevo-1-scaled.jpg?resize=525%2C300&ssl=1 1.5x, https:\/\/i0.wp.com\/www.sbcajamarca.com.pe\/wp-content\/uploads\/2025\/06\/nuevo-1-scaled.jpg?resize=700%2C400&ssl=1 2x, https:\/\/i0.wp.com\/www.sbcajamarca.com.pe\/wp-content\/uploads\/2025\/06\/nuevo-1-scaled.jpg?resize=1050%2C600&ssl=1 3x, https:\/\/i0.wp.com\/www.sbcajamarca.com.pe\/wp-content\/uploads\/2025\/06\/nuevo-1-scaled.jpg?resize=1400%2C800&ssl=1 4x"},"classes":[]},{"id":2854,"url":"https:\/\/www.sbcajamarca.com.pe\/?page_id=2854","url_meta":{"origin":2042,"position":1},"title":"SERFINC SERVICIOS ESSALUD","author":"SBC_Admin","date":"20\/09\/2025","format":false,"excerpt":"SERVICIO FUNERARIO INTEGRAL DE CAJAMARCA - SERFINC Paquete Funerario ESSALUD Creado para cubrir la necesidad de los deudos en este momento dif\u00edcil, mediante un servicio a los que tengan ESSALUD(Seguro Social de Salud) Por la compra de un paquete ESSALUD es inmediata no necesita tr\u00e1mite alguno y se lo realiza\u2026","rel":"","context":"Entrada similar","block_context":{"text":"Entrada similar","link":""},"img":{"alt_text":"","src":"https:\/\/i0.wp.com\/www.sbcajamarca.com.pe\/wp-content\/uploads\/2025\/09\/Post-de-Instagram-anuncio-de-producto-de-belleza-aesthetic-promocional-beis-5.png?resize=350%2C200&ssl=1","width":350,"height":200,"srcset":"https:\/\/i0.wp.com\/www.sbcajamarca.com.pe\/wp-content\/uploads\/2025\/09\/Post-de-Instagram-anuncio-de-producto-de-belleza-aesthetic-promocional-beis-5.png?resize=350%2C200&ssl=1 1x, https:\/\/i0.wp.com\/www.sbcajamarca.com.pe\/wp-content\/uploads\/2025\/09\/Post-de-Instagram-anuncio-de-producto-de-belleza-aesthetic-promocional-beis-5.png?resize=525%2C300&ssl=1 1.5x, https:\/\/i0.wp.com\/www.sbcajamarca.com.pe\/wp-content\/uploads\/2025\/09\/Post-de-Instagram-anuncio-de-producto-de-belleza-aesthetic-promocional-beis-5.png?resize=700%2C400&ssl=1 2x, https:\/\/i0.wp.com\/www.sbcajamarca.com.pe\/wp-content\/uploads\/2025\/09\/Post-de-Instagram-anuncio-de-producto-de-belleza-aesthetic-promocional-beis-5.png?resize=1050%2C600&ssl=1 3x"},"classes":[]},{"id":2879,"url":"https:\/\/www.sbcajamarca.com.pe\/?page_id=2879","url_meta":{"origin":2042,"position":2},"title":"SERFINC ALQUILER DE SERVICIOS","author":"SBC_Admin","date":"21\/09\/2025","format":false,"excerpt":"SERVICIO FUNERARIO INTEGRAL DE CAJAMARCA - SERFINC ALQUILER DE CARROZA F\u00daNEBRE En SERFINC, ponemos a su disposici\u00f3n modernas carrozas f\u00fanebres para el traslado seguro y respetuoso de su ser querido. Nuestro servicio incluye veh\u00edculos acondicionados y personal capacitado para brindar apoyo en cada etapa del proceso. ALQUILER DE COCHE FLORERO\u2026","rel":"","context":"Entrada similar","block_context":{"text":"Entrada similar","link":""},"img":{"alt_text":"","src":"https:\/\/i0.wp.com\/www.sbcajamarca.com.pe\/wp-content\/uploads\/2025\/06\/nuevo-1-scaled.jpg?resize=350%2C200&ssl=1","width":350,"height":200,"srcset":"https:\/\/i0.wp.com\/www.sbcajamarca.com.pe\/wp-content\/uploads\/2025\/06\/nuevo-1-scaled.jpg?resize=350%2C200&ssl=1 1x, https:\/\/i0.wp.com\/www.sbcajamarca.com.pe\/wp-content\/uploads\/2025\/06\/nuevo-1-scaled.jpg?resize=525%2C300&ssl=1 1.5x, https:\/\/i0.wp.com\/www.sbcajamarca.com.pe\/wp-content\/uploads\/2025\/06\/nuevo-1-scaled.jpg?resize=700%2C400&ssl=1 2x, https:\/\/i0.wp.com\/www.sbcajamarca.com.pe\/wp-content\/uploads\/2025\/06\/nuevo-1-scaled.jpg?resize=1050%2C600&ssl=1 3x, https:\/\/i0.wp.com\/www.sbcajamarca.com.pe\/wp-content\/uploads\/2025\/06\/nuevo-1-scaled.jpg?resize=1400%2C800&ssl=1 4x"},"classes":[]},{"id":2583,"url":"https:\/\/www.sbcajamarca.com.pe\/?page_id=2583","url_meta":{"origin":2042,"position":3},"title":"SERFINC PRINCIPAL","author":"SBC_Admin","date":"26\/08\/2025","format":false,"excerpt":"SERVICIO FUNERARIO INTEGRAL DE CAJAMARCA - SERFINC ACERCA DE SERFINC Somos una empresa dedicada a acompa\u00f1ar a las familias en sus momentos m\u00e1s dif\u00edciles, ofreciendo asesor\u00eda integral en tr\u00e1mites de sepelio y servicios funerarios. Frente a la p\u00e9rdida de un ser querido, nuestro compromiso es estar a tu lado con\u2026","rel":"","context":"Entrada similar","block_context":{"text":"Entrada similar","link":""},"img":{"alt_text":"","src":"https:\/\/i0.wp.com\/www.sbcajamarca.com.pe\/wp-content\/uploads\/2025\/06\/nuevo-1-scaled.jpg?resize=350%2C200&ssl=1","width":350,"height":200,"srcset":"https:\/\/i0.wp.com\/www.sbcajamarca.com.pe\/wp-content\/uploads\/2025\/06\/nuevo-1-scaled.jpg?resize=350%2C200&ssl=1 1x, https:\/\/i0.wp.com\/www.sbcajamarca.com.pe\/wp-content\/uploads\/2025\/06\/nuevo-1-scaled.jpg?resize=525%2C300&ssl=1 1.5x, https:\/\/i0.wp.com\/www.sbcajamarca.com.pe\/wp-content\/uploads\/2025\/06\/nuevo-1-scaled.jpg?resize=700%2C400&ssl=1 2x, https:\/\/i0.wp.com\/www.sbcajamarca.com.pe\/wp-content\/uploads\/2025\/06\/nuevo-1-scaled.jpg?resize=1050%2C600&ssl=1 3x, https:\/\/i0.wp.com\/www.sbcajamarca.com.pe\/wp-content\/uploads\/2025\/06\/nuevo-1-scaled.jpg?resize=1400%2C800&ssl=1 4x"},"classes":[]},{"id":2863,"url":"https:\/\/www.sbcajamarca.com.pe\/?page_id=2863","url_meta":{"origin":2042,"position":4},"title":"SERFINC VENTA DE ATAUDES","author":"SBC_Admin","date":"21\/09\/2025","format":false,"excerpt":"SERVICIO FUNERARIO INTEGRAL DE CAJAMARCA - SERFINC VENTA DE ATA\u00daDES En SERFINC, ofrecemos ata\u00fades elaborados con materiales de alta calidad, dise\u00f1ados para brindar respeto y dignidad en momentos dif\u00edciles. Contamos con una amplia variedad de modelos, desde opciones sencillas hasta cofres de lujo.\u201d","rel":"","context":"Entrada similar","block_context":{"text":"Entrada similar","link":""},"img":{"alt_text":"","src":"https:\/\/i0.wp.com\/www.sbcajamarca.com.pe\/wp-content\/uploads\/2025\/06\/nuevo-1-scaled.jpg?resize=350%2C200&ssl=1","width":350,"height":200,"srcset":"https:\/\/i0.wp.com\/www.sbcajamarca.com.pe\/wp-content\/uploads\/2025\/06\/nuevo-1-scaled.jpg?resize=350%2C200&ssl=1 1x, https:\/\/i0.wp.com\/www.sbcajamarca.com.pe\/wp-content\/uploads\/2025\/06\/nuevo-1-scaled.jpg?resize=525%2C300&ssl=1 1.5x, https:\/\/i0.wp.com\/www.sbcajamarca.com.pe\/wp-content\/uploads\/2025\/06\/nuevo-1-scaled.jpg?resize=700%2C400&ssl=1 2x, https:\/\/i0.wp.com\/www.sbcajamarca.com.pe\/wp-content\/uploads\/2025\/06\/nuevo-1-scaled.jpg?resize=1050%2C600&ssl=1 3x, https:\/\/i0.wp.com\/www.sbcajamarca.com.pe\/wp-content\/uploads\/2025\/06\/nuevo-1-scaled.jpg?resize=1400%2C800&ssl=1 4x"},"classes":[]},{"id":485,"url":"https:\/\/www.sbcajamarca.com.pe\/?page_id=485","url_meta":{"origin":2042,"position":5},"title":"CEMENTERIO","author":"SBC_Admin","date":"17\/06\/2025","format":false,"excerpt":"CEMENTERIO El Cementerio de Cajamarca, como cualquier otro cementerio,\u00a0sirve como lugar de descanso eterno para los fallecidos.\u00a0Es un espacio destinado a la inhumaci\u00f3n de cad\u00e1veres y a la conservaci\u00f3n de restos humanos. UBICANOS: . Llamar al tel\u00e9fono: 924294967 Encu\u00e9ntranos ubicados en la \ud835\udc00\ud835\udc2f. \ud835\udc0b\ud835\udc1a \ud835\udc0f\ud835\udc1a\ud835\udc33 \ud835\udc1c\ud835\udc1d\ud835\udc2b\ud835\udc1a. \ud835\udfd3 \ud835\udc2c\/\ud835\udc27","rel":"","context":"Entrada similar","block_context":{"text":"Entrada similar","link":""},"img":{"alt_text":"","src":"https:\/\/i0.wp.com\/www.sbcajamarca.com.pe\/wp-content\/uploads\/2025\/07\/CEMENTERIO.png?resize=350%2C200&ssl=1","width":350,"height":200,"srcset":"https:\/\/i0.wp.com\/www.sbcajamarca.com.pe\/wp-content\/uploads\/2025\/07\/CEMENTERIO.png?resize=350%2C200&ssl=1 1x, https:\/\/i0.wp.com\/www.sbcajamarca.com.pe\/wp-content\/uploads\/2025\/07\/CEMENTERIO.png?resize=525%2C300&ssl=1 1.5x, https:\/\/i0.wp.com\/www.sbcajamarca.com.pe\/wp-content\/uploads\/2025\/07\/CEMENTERIO.png?resize=700%2C400&ssl=1 2x"},"classes":[]}],"_links":{"self":[{"href":"https:\/\/www.sbcajamarca.com.pe\/index.php?rest_route=\/wp\/v2\/pages\/2042","targetHints":{"allow":["GET"]}}],"collection":[{"href":"https:\/\/www.sbcajamarca.com.pe\/index.php?rest_route=\/wp\/v2\/pages"}],"about":[{"href":"https:\/\/www.sbcajamarca.com.pe\/index.php?rest_route=\/wp\/v2\/types\/page"}],"author":[{"embeddable":true,"href":"https:\/\/www.sbcajamarca.com.pe\/index.php?rest_route=\/wp\/v2\/users\/1"}],"replies":[{"embeddable":true,"href":"https:\/\/www.sbcajamarca.com.pe\/index.php?rest_route=%2Fwp%2Fv2%2Fcomments&post=2042"}],"version-history":[{"count":32,"href":"https:\/\/www.sbcajamarca.com.pe\/index.php?rest_route=\/wp\/v2\/pages\/2042\/revisions"}],"predecessor-version":[{"id":2927,"href":"https:\/\/www.sbcajamarca.com.pe\/index.php?rest_route=\/wp\/v2\/pages\/2042\/revisions\/2927"}],"wp:attachment":[{"href":"https:\/\/www.sbcajamarca.com.pe\/index.php?rest_route=%2Fwp%2Fv2%2Fmedia&parent=2042"}],"curies":[{"name":"wp","href":"https:\/\/api.w.org\/{rel}","templated":true}]}}