{"id":485,"date":"2025-06-17T12:55:04","date_gmt":"2025-06-17T17:55:04","guid":{"rendered":"https:\/\/pe795.wordpress.com\/?page_id=485"},"modified":"2025-08-25T14:58:42","modified_gmt":"2025-08-25T14:58:42","slug":"servicios","status":"publish","type":"page","link":"https:\/\/www.sbcajamarca.com.pe\/?page_id=485","title":{"rendered":"CEMENTERIO"},"content":{"rendered":"\n<div class=\"wp-block-cover alignfull is-light\"><span aria-hidden=\"true\" class=\"wp-block-cover__background has-background-dim-100 has-background-dim\" style=\"background-color:#b2afaf\"><\/span><div class=\"wp-block-cover__inner-container is-layout-flow wp-block-cover-is-layout-flow\">\n<div class=\"wp-block-group alignfull is-style-section-5 has-background has-global-padding is-layout-constrained wp-block-group-is-layout-constrained is-style-section-5--1\" style=\"background-color:#e9e643;margin-top:0;margin-bottom:0;padding-top:var(--wp--preset--spacing--50);padding-bottom:var(--wp--preset--spacing--50)\">\n<div class=\"wp-block-columns alignwide is-layout-flex wp-container-core-columns-is-layout-7ee84d44 wp-block-columns-is-layout-flex\">\n<div class=\"wp-block-column is-vertically-aligned-center is-layout-flow wp-block-column-is-layout-flow\" style=\"flex-basis:50%\">\n<h2 class=\"wp-block-heading has-text-align-center has-text-color has-link-color has-xx-large-font-size wp-elements-263d2750f73d72461afa9acd8f7a4e77\" style=\"color:#25287a\"><strong>CEMENTERIO<\/strong><\/h2>\n\n\n\n<div style=\"max-width: 100% !important; width: 100% !important;\"> <p style=\"text-align: justify; color: black; font-size: 22px; line-height: 1.4;\"> El Cementerio de Cajamarca, como cualquier otro cementerio,\u00a0sirve como lugar de descanso eterno para los fallecidos.\u00a0Es un espacio destinado a la inhumaci\u00f3n de cad\u00e1veres y a la conservaci\u00f3n de restos humanos.<\/p> <\/div>\n<\/div>\n\n\n\n<div class=\"wp-block-column is-vertically-aligned-center is-layout-flow wp-block-column-is-layout-flow\" style=\"flex-basis:50%\">\n<figure class=\"wp-block-image size-full\"><img fetchpriority=\"high\" decoding=\"async\" width=\"552\" height=\"414\" data-attachment-id=\"1611\" data-permalink=\"https:\/\/www.sbcajamarca.com.pe\/?attachment_id=1611\" data-orig-file=\"https:\/\/www.sbcajamarca.com.pe\/wp-content\/uploads\/2025\/07\/FB_IMG_1596336048146.jpg\" data-orig-size=\"552,414\" data-comments-opened=\"1\" data-image-meta=\"{&quot;aperture&quot;:&quot;0&quot;,&quot;credit&quot;:&quot;&quot;,&quot;camera&quot;:&quot;&quot;,&quot;caption&quot;:&quot;&quot;,&quot;created_timestamp&quot;:&quot;0&quot;,&quot;copyright&quot;:&quot;&quot;,&quot;focal_length&quot;:&quot;0&quot;,&quot;iso&quot;:&quot;0&quot;,&quot;shutter_speed&quot;:&quot;0&quot;,&quot;title&quot;:&quot;&quot;,&quot;orientation&quot;:&quot;0&quot;}\" data-image-title=\"FB_IMG_1596336048146\" data-image-description=\"\" data-image-caption=\"\" data-large-file=\"https:\/\/www.sbcajamarca.com.pe\/wp-content\/uploads\/2025\/07\/FB_IMG_1596336048146.jpg\" src=\"https:\/\/www.sbcajamarca.com.pe\/wp-content\/uploads\/2025\/07\/FB_IMG_1596336048146.jpg\" alt=\"\" class=\"wp-image-1611\" srcset=\"https:\/\/www.sbcajamarca.com.pe\/wp-content\/uploads\/2025\/07\/FB_IMG_1596336048146.jpg 552w, https:\/\/www.sbcajamarca.com.pe\/wp-content\/uploads\/2025\/07\/FB_IMG_1596336048146-300x225.jpg 300w\" sizes=\"(max-width: 552px) 100vw, 552px\" \/><\/figure>\n<\/div>\n<\/div>\n<\/div>\n<\/div><\/div>\n\n\n\n<div class=\"wp-block-cover alignfull\"><span aria-hidden=\"true\" class=\"wp-block-cover__background has-background-dim-100 has-background-dim\" style=\"background-color:#6969695e\"><\/span><div class=\"wp-block-cover__inner-container is-layout-flow wp-block-cover-is-layout-flow\">\n<div class=\"wp-block-group alignfull is-style-section-5 has-accent-1-background-color has-background has-global-padding is-layout-constrained wp-block-group-is-layout-constrained is-style-section-5--2\" style=\"margin-top:0;margin-bottom:0;padding-top:var(--wp--preset--spacing--50);padding-bottom:var(--wp--preset--spacing--50)\">\n<div class=\"wp-block-columns alignwide is-layout-flex wp-container-core-columns-is-layout-7ee84d44 wp-block-columns-is-layout-flex\">\n<div class=\"wp-block-column is-vertically-aligned-center is-layout-flow wp-block-column-is-layout-flow\" style=\"flex-basis:50%\">\n<h2 class=\"wp-block-heading has-text-align-center has-text-color has-link-color has-xx-large-font-size wp-elements-b43404a58b0db0fcb859fa9cdc9215d6\" style=\"color:#25287a\"><strong>UBICANOS:<\/strong><\/h2>\n\n\n\n<p>.<\/p>\n\n\n\n<p class=\"has-text-align-center has-contrast-color has-text-color has-link-color wp-elements-3f9df124d13cda5adb11ad6e4114b898\">Llamar al tel\u00e9fono: <strong>924294967<\/strong><\/p>\n\n\n\n<p class=\"has-text-align-center has-contrast-color has-text-color has-link-color wp-elements-dc680526e1d7bc0452c0cd654436f671\">Encu\u00e9ntranos ubicados en la \ud835\udc00\ud835\udc2f. \ud835\udc0b\ud835\udc1a \ud835\udc0f\ud835\udc1a\ud835\udc33 \ud835\udc1c\ud835\udc1d\ud835\udc2b\ud835\udc1a. \ud835\udfd3 \ud835\udc2c\/\ud835\udc27<\/p>\n<\/div>\n\n\n\n<div class=\"wp-block-column is-vertically-aligned-center is-layout-flow wp-block-column-is-layout-flow\" style=\"flex-basis:50%\">\n<figure class=\"wp-block-image size-full\"><a href=\"https:\/\/www.google.com\/maps\/place\/Cementerio+Gral.+de+Cajamarca,+Cajamarca+06003\/@-7.1695461,-78.5113379,17z\/data=!3m1!4b1!4m6!3m5!1s0x91b25b1b4e4b6ce7:0xf9b0af5ae3747bc0!8m2!3d-7.169788!4d-78.5089329!16s%2Fg%2F11fl1br7sk?entry=ttu&amp;g_ep=EgoyMDI1MDgxOS4wIKXMDSoASAFQAw%3D%3D\" target=\"_blank\" rel=\" noreferrer noopener\"><img decoding=\"async\" width=\"768\" height=\"576\" data-attachment-id=\"1613\" data-permalink=\"https:\/\/www.sbcajamarca.com.pe\/?attachment_id=1613\" data-orig-file=\"https:\/\/www.sbcajamarca.com.pe\/wp-content\/uploads\/2025\/07\/CEMENTERIO.png\" data-orig-size=\"768,576\" data-comments-opened=\"1\" data-image-meta=\"{&quot;aperture&quot;:&quot;0&quot;,&quot;credit&quot;:&quot;&quot;,&quot;camera&quot;:&quot;&quot;,&quot;caption&quot;:&quot;&quot;,&quot;created_timestamp&quot;:&quot;0&quot;,&quot;copyright&quot;:&quot;&quot;,&quot;focal_length&quot;:&quot;0&quot;,&quot;iso&quot;:&quot;0&quot;,&quot;shutter_speed&quot;:&quot;0&quot;,&quot;title&quot;:&quot;&quot;,&quot;orientation&quot;:&quot;0&quot;}\" data-image-title=\"CEMENTERIO\" data-image-description=\"\" data-image-caption=\"\" data-large-file=\"https:\/\/www.sbcajamarca.com.pe\/wp-content\/uploads\/2025\/07\/CEMENTERIO.png\" src=\"https:\/\/www.sbcajamarca.com.pe\/wp-content\/uploads\/2025\/07\/CEMENTERIO.png\" alt=\"\" class=\"wp-image-1613\" srcset=\"https:\/\/www.sbcajamarca.com.pe\/wp-content\/uploads\/2025\/07\/CEMENTERIO.png 768w, https:\/\/www.sbcajamarca.com.pe\/wp-content\/uploads\/2025\/07\/CEMENTERIO-300x225.png 300w\" sizes=\"(max-width: 768px) 100vw, 768px\" \/><\/a><\/figure>\n<\/div>\n<\/div>\n<\/div>\n<\/div><\/div>\n","protected":false},"excerpt":{"rendered":"","protected":false},"author":1,"featured_media":0,"parent":0,"menu_order":0,"comment_status":"closed","ping_status":"closed","template":"page-no-title","meta":{"footnotes":""},"class_list":["post-485","page","type-page","status-publish","hentry"],"yoast_head":"<!-- This site is optimized with the Yoast SEO plugin v27.6 - https:\/\/yoast.com\/product\/yoast-seo-wordpress\/ -->\n<title>CEMENTERIO - Sociedad de Beneficencia de Cajamarca<\/title>\n<meta name=\"robots\" content=\"index, follow, max-snippet:-1, max-image-preview:large, max-video-preview:-1\" \/>\n<link rel=\"canonical\" href=\"https:\/\/www.sbcajamarca.com.pe\/?page_id=485\" \/>\n<meta property=\"og:locale\" content=\"es_ES\" \/>\n<meta property=\"og:type\" content=\"article\" \/>\n<meta property=\"og:title\" content=\"CEMENTERIO - Sociedad de Beneficencia de Cajamarca\" \/>\n<meta property=\"og:url\" content=\"https:\/\/www.sbcajamarca.com.pe\/?page_id=485\" \/>\n<meta property=\"og:site_name\" content=\"Sociedad de Beneficencia de Cajamarca\" \/>\n<meta property=\"article:modified_time\" content=\"2025-08-25T14:58:42+00:00\" \/>\n<meta property=\"og:image\" content=\"https:\/\/www.sbcajamarca.com.pe\/wp-content\/uploads\/2025\/07\/FB_IMG_1596336048146.jpg\" \/>\n\t<meta property=\"og:image:width\" content=\"552\" \/>\n\t<meta property=\"og:image:height\" content=\"414\" \/>\n\t<meta property=\"og:image:type\" content=\"image\/jpeg\" \/>\n<meta name=\"twitter:card\" content=\"summary_large_image\" \/>\n<meta name=\"twitter:label1\" content=\"Tiempo de lectura\" \/>\n\t<meta name=\"twitter:data1\" content=\"1 minuto\" \/>\n<script type=\"application\/ld+json\" class=\"yoast-schema-graph\">{\"@context\":\"https:\\\/\\\/schema.org\",\"@graph\":[{\"@type\":\"WebPage\",\"@id\":\"https:\\\/\\\/www.sbcajamarca.com.pe\\\/?page_id=485\",\"url\":\"https:\\\/\\\/www.sbcajamarca.com.pe\\\/?page_id=485\",\"name\":\"CEMENTERIO - Sociedad de Beneficencia de Cajamarca\",\"isPartOf\":{\"@id\":\"https:\\\/\\\/www.sbcajamarca.com.pe\\\/#website\"},\"primaryImageOfPage\":{\"@id\":\"https:\\\/\\\/www.sbcajamarca.com.pe\\\/?page_id=485#primaryimage\"},\"image\":{\"@id\":\"https:\\\/\\\/www.sbcajamarca.com.pe\\\/?page_id=485#primaryimage\"},\"thumbnailUrl\":\"https:\\\/\\\/www.sbcajamarca.com.pe\\\/wp-content\\\/uploads\\\/2025\\\/07\\\/FB_IMG_1596336048146.jpg\",\"datePublished\":\"2025-06-17T17:55:04+00:00\",\"dateModified\":\"2025-08-25T14:58:42+00:00\",\"breadcrumb\":{\"@id\":\"https:\\\/\\\/www.sbcajamarca.com.pe\\\/?page_id=485#breadcrumb\"},\"inLanguage\":\"es\",\"potentialAction\":[{\"@type\":\"ReadAction\",\"target\":[\"https:\\\/\\\/www.sbcajamarca.com.pe\\\/?page_id=485\"]}]},{\"@type\":\"ImageObject\",\"inLanguage\":\"es\",\"@id\":\"https:\\\/\\\/www.sbcajamarca.com.pe\\\/?page_id=485#primaryimage\",\"url\":\"https:\\\/\\\/www.sbcajamarca.com.pe\\\/wp-content\\\/uploads\\\/2025\\\/07\\\/FB_IMG_1596336048146.jpg\",\"contentUrl\":\"https:\\\/\\\/www.sbcajamarca.com.pe\\\/wp-content\\\/uploads\\\/2025\\\/07\\\/FB_IMG_1596336048146.jpg\",\"width\":552,\"height\":414},{\"@type\":\"BreadcrumbList\",\"@id\":\"https:\\\/\\\/www.sbcajamarca.com.pe\\\/?page_id=485#breadcrumb\",\"itemListElement\":[{\"@type\":\"ListItem\",\"position\":1,\"name\":\"Portada\",\"item\":\"https:\\\/\\\/www.sbcajamarca.com.pe\\\/\"},{\"@type\":\"ListItem\",\"position\":2,\"name\":\"CEMENTERIO\"}]},{\"@type\":\"WebSite\",\"@id\":\"https:\\\/\\\/www.sbcajamarca.com.pe\\\/#website\",\"url\":\"https:\\\/\\\/www.sbcajamarca.com.pe\\\/\",\"name\":\"Sociedad de Beneficencia de Cajamarca\",\"description\":\"&quot;Trabajando por los mas vulnerables&quot;\",\"alternateName\":\"SBC\",\"potentialAction\":[{\"@type\":\"SearchAction\",\"target\":{\"@type\":\"EntryPoint\",\"urlTemplate\":\"https:\\\/\\\/www.sbcajamarca.com.pe\\\/?s={search_term_string}\"},\"query-input\":{\"@type\":\"PropertyValueSpecification\",\"valueRequired\":true,\"valueName\":\"search_term_string\"}}],\"inLanguage\":\"es\"}]}<\/script>\n<!-- \/ Yoast SEO plugin. -->","yoast_head_json":{"title":"CEMENTERIO - Sociedad de Beneficencia de Cajamarca","robots":{"index":"index","follow":"follow","max-snippet":"max-snippet:-1","max-image-preview":"max-image-preview:large","max-video-preview":"max-video-preview:-1"},"canonical":"https:\/\/www.sbcajamarca.com.pe\/?page_id=485","og_locale":"es_ES","og_type":"article","og_title":"CEMENTERIO - Sociedad de Beneficencia de Cajamarca","og_url":"https:\/\/www.sbcajamarca.com.pe\/?page_id=485","og_site_name":"Sociedad de Beneficencia de Cajamarca","article_modified_time":"2025-08-25T14:58:42+00:00","og_image":[{"width":552,"height":414,"url":"https:\/\/www.sbcajamarca.com.pe\/wp-content\/uploads\/2025\/07\/FB_IMG_1596336048146.jpg","type":"image\/jpeg"}],"twitter_card":"summary_large_image","twitter_misc":{"Tiempo de lectura":"1 minuto"},"schema":{"@context":"https:\/\/schema.org","@graph":[{"@type":"WebPage","@id":"https:\/\/www.sbcajamarca.com.pe\/?page_id=485","url":"https:\/\/www.sbcajamarca.com.pe\/?page_id=485","name":"CEMENTERIO - Sociedad de Beneficencia de Cajamarca","isPartOf":{"@id":"https:\/\/www.sbcajamarca.com.pe\/#website"},"primaryImageOfPage":{"@id":"https:\/\/www.sbcajamarca.com.pe\/?page_id=485#primaryimage"},"image":{"@id":"https:\/\/www.sbcajamarca.com.pe\/?page_id=485#primaryimage"},"thumbnailUrl":"https:\/\/www.sbcajamarca.com.pe\/wp-content\/uploads\/2025\/07\/FB_IMG_1596336048146.jpg","datePublished":"2025-06-17T17:55:04+00:00","dateModified":"2025-08-25T14:58:42+00:00","breadcrumb":{"@id":"https:\/\/www.sbcajamarca.com.pe\/?page_id=485#breadcrumb"},"inLanguage":"es","potentialAction":[{"@type":"ReadAction","target":["https:\/\/www.sbcajamarca.com.pe\/?page_id=485"]}]},{"@type":"ImageObject","inLanguage":"es","@id":"https:\/\/www.sbcajamarca.com.pe\/?page_id=485#primaryimage","url":"https:\/\/www.sbcajamarca.com.pe\/wp-content\/uploads\/2025\/07\/FB_IMG_1596336048146.jpg","contentUrl":"https:\/\/www.sbcajamarca.com.pe\/wp-content\/uploads\/2025\/07\/FB_IMG_1596336048146.jpg","width":552,"height":414},{"@type":"BreadcrumbList","@id":"https:\/\/www.sbcajamarca.com.pe\/?page_id=485#breadcrumb","itemListElement":[{"@type":"ListItem","position":1,"name":"Portada","item":"https:\/\/www.sbcajamarca.com.pe\/"},{"@type":"ListItem","position":2,"name":"CEMENTERIO"}]},{"@type":"WebSite","@id":"https:\/\/www.sbcajamarca.com.pe\/#website","url":"https:\/\/www.sbcajamarca.com.pe\/","name":"Sociedad de Beneficencia de Cajamarca","description":"&quot;Trabajando por los mas vulnerables&quot;","alternateName":"SBC","potentialAction":[{"@type":"SearchAction","target":{"@type":"EntryPoint","urlTemplate":"https:\/\/www.sbcajamarca.com.pe\/?s={search_term_string}"},"query-input":{"@type":"PropertyValueSpecification","valueRequired":true,"valueName":"search_term_string"}}],"inLanguage":"es"}]}},"jetpack_sharing_enabled":true,"jetpack-related-posts":[{"id":2889,"url":"https:\/\/www.sbcajamarca.com.pe\/?page_id=2889","url_meta":{"origin":485,"position":0},"title":"SERFINC MAUSOLEO","author":"SBC_Admin","date":"22\/09\/2025","format":false,"excerpt":"SERVICIO FUNERARIO INTEGRAL DE CAJAMARCA - SERFINC MAUSOLEOS Pasos para la compra de un terreno El administrador del Cementerio General de Cajamarca ser\u00e1 el que oferte y de la disponibilidad del terreno seg\u00fan las necesidades del usuario.","rel":"","context":"Entrada similar","block_context":{"text":"Entrada similar","link":""},"img":{"alt_text":"","src":"https:\/\/i0.wp.com\/www.sbcajamarca.com.pe\/wp-content\/uploads\/2025\/06\/nuevo-1-scaled.jpg?resize=350%2C200&ssl=1","width":350,"height":200,"srcset":"https:\/\/i0.wp.com\/www.sbcajamarca.com.pe\/wp-content\/uploads\/2025\/06\/nuevo-1-scaled.jpg?resize=350%2C200&ssl=1 1x, https:\/\/i0.wp.com\/www.sbcajamarca.com.pe\/wp-content\/uploads\/2025\/06\/nuevo-1-scaled.jpg?resize=525%2C300&ssl=1 1.5x, https:\/\/i0.wp.com\/www.sbcajamarca.com.pe\/wp-content\/uploads\/2025\/06\/nuevo-1-scaled.jpg?resize=700%2C400&ssl=1 2x, https:\/\/i0.wp.com\/www.sbcajamarca.com.pe\/wp-content\/uploads\/2025\/06\/nuevo-1-scaled.jpg?resize=1050%2C600&ssl=1 3x, https:\/\/i0.wp.com\/www.sbcajamarca.com.pe\/wp-content\/uploads\/2025\/06\/nuevo-1-scaled.jpg?resize=1400%2C800&ssl=1 4x"},"classes":[]},{"id":2796,"url":"https:\/\/www.sbcajamarca.com.pe\/?page_id=2796","url_meta":{"origin":485,"position":1},"title":"SERFINC CONTACTO","author":"SBC_Admin","date":"20\/09\/2025","format":false,"excerpt":"SERVICIO FUNERARIO INTEGRAL DE CAJAMARCA - SERFINC Cont\u00e1ctanos Informaci\u00f3n Servicio Inmediato. Atendemos las 24 horas Tel\u00e9fono CAJA: 924294967 Correo electr\u00f3nico serfincsbc@gmail.com Direcci\u00f3n: Av. La Paz Cuadra 6 - Cementerio General CONSULTAS:924296748 Chat en WhatsApp","rel":"","context":"Entrada similar","block_context":{"text":"Entrada similar","link":""},"img":{"alt_text":"","src":"https:\/\/i0.wp.com\/www.sbcajamarca.com.pe\/wp-content\/uploads\/2025\/06\/nuevo-1-scaled.jpg?resize=350%2C200&ssl=1","width":350,"height":200,"srcset":"https:\/\/i0.wp.com\/www.sbcajamarca.com.pe\/wp-content\/uploads\/2025\/06\/nuevo-1-scaled.jpg?resize=350%2C200&ssl=1 1x, https:\/\/i0.wp.com\/www.sbcajamarca.com.pe\/wp-content\/uploads\/2025\/06\/nuevo-1-scaled.jpg?resize=525%2C300&ssl=1 1.5x, https:\/\/i0.wp.com\/www.sbcajamarca.com.pe\/wp-content\/uploads\/2025\/06\/nuevo-1-scaled.jpg?resize=700%2C400&ssl=1 2x, https:\/\/i0.wp.com\/www.sbcajamarca.com.pe\/wp-content\/uploads\/2025\/06\/nuevo-1-scaled.jpg?resize=1050%2C600&ssl=1 3x, https:\/\/i0.wp.com\/www.sbcajamarca.com.pe\/wp-content\/uploads\/2025\/06\/nuevo-1-scaled.jpg?resize=1400%2C800&ssl=1 4x"},"classes":[]},{"id":2826,"url":"https:\/\/www.sbcajamarca.com.pe\/?page_id=2826","url_meta":{"origin":485,"position":2},"title":"SERFINC SERVICIOS SIS","author":"SBC_Admin","date":"20\/09\/2025","format":false,"excerpt":"SERVICIO FUNERARIO INTEGRAL DE CAJAMARCA - SERFINC Paquete Funerario SIS Creado para cubrir la necesidad de los deudos en este momento dif\u00edcil, mediante un servicio a los que tengan SIS (Seguro Integral de Salud) Por la compra de un paquete SIS es inmediata no necesita tr\u00e1mite alguno y se lo\u2026","rel":"","context":"Entrada similar","block_context":{"text":"Entrada similar","link":""},"img":{"alt_text":"","src":"https:\/\/i0.wp.com\/www.sbcajamarca.com.pe\/wp-content\/uploads\/2025\/06\/nuevo-1-scaled.jpg?resize=350%2C200&ssl=1","width":350,"height":200,"srcset":"https:\/\/i0.wp.com\/www.sbcajamarca.com.pe\/wp-content\/uploads\/2025\/06\/nuevo-1-scaled.jpg?resize=350%2C200&ssl=1 1x, https:\/\/i0.wp.com\/www.sbcajamarca.com.pe\/wp-content\/uploads\/2025\/06\/nuevo-1-scaled.jpg?resize=525%2C300&ssl=1 1.5x, https:\/\/i0.wp.com\/www.sbcajamarca.com.pe\/wp-content\/uploads\/2025\/06\/nuevo-1-scaled.jpg?resize=700%2C400&ssl=1 2x, https:\/\/i0.wp.com\/www.sbcajamarca.com.pe\/wp-content\/uploads\/2025\/06\/nuevo-1-scaled.jpg?resize=1050%2C600&ssl=1 3x, https:\/\/i0.wp.com\/www.sbcajamarca.com.pe\/wp-content\/uploads\/2025\/06\/nuevo-1-scaled.jpg?resize=1400%2C800&ssl=1 4x"},"classes":[]},{"id":2854,"url":"https:\/\/www.sbcajamarca.com.pe\/?page_id=2854","url_meta":{"origin":485,"position":3},"title":"SERFINC SERVICIOS ESSALUD","author":"SBC_Admin","date":"20\/09\/2025","format":false,"excerpt":"SERVICIO FUNERARIO INTEGRAL DE CAJAMARCA - SERFINC Paquete Funerario ESSALUD Creado para cubrir la necesidad de los deudos en este momento dif\u00edcil, mediante un servicio a los que tengan ESSALUD(Seguro Social de Salud) Por la compra de un paquete ESSALUD es inmediata no necesita tr\u00e1mite alguno y se lo realiza\u2026","rel":"","context":"Entrada similar","block_context":{"text":"Entrada similar","link":""},"img":{"alt_text":"","src":"https:\/\/i0.wp.com\/www.sbcajamarca.com.pe\/wp-content\/uploads\/2025\/09\/Post-de-Instagram-anuncio-de-producto-de-belleza-aesthetic-promocional-beis-5.png?resize=350%2C200&ssl=1","width":350,"height":200,"srcset":"https:\/\/i0.wp.com\/www.sbcajamarca.com.pe\/wp-content\/uploads\/2025\/09\/Post-de-Instagram-anuncio-de-producto-de-belleza-aesthetic-promocional-beis-5.png?resize=350%2C200&ssl=1 1x, https:\/\/i0.wp.com\/www.sbcajamarca.com.pe\/wp-content\/uploads\/2025\/09\/Post-de-Instagram-anuncio-de-producto-de-belleza-aesthetic-promocional-beis-5.png?resize=525%2C300&ssl=1 1.5x, https:\/\/i0.wp.com\/www.sbcajamarca.com.pe\/wp-content\/uploads\/2025\/09\/Post-de-Instagram-anuncio-de-producto-de-belleza-aesthetic-promocional-beis-5.png?resize=700%2C400&ssl=1 2x, https:\/\/i0.wp.com\/www.sbcajamarca.com.pe\/wp-content\/uploads\/2025\/09\/Post-de-Instagram-anuncio-de-producto-de-belleza-aesthetic-promocional-beis-5.png?resize=1050%2C600&ssl=1 3x"},"classes":[]},{"id":2804,"url":"https:\/\/www.sbcajamarca.com.pe\/?page_id=2804","url_meta":{"origin":485,"position":4},"title":"SERFINC AFILIACION Y REQUISITOS","author":"SBC_Admin","date":"20\/09\/2025","format":false,"excerpt":"SERVICIO FUNERARIO INTEGRAL DE CAJAMARCA - SERFINC AFILIACI\u00d3N Y REQUISITOS Procedimiento para ser Socio del Programa de Seguros F\u00fanebres SERFINC Contar con un m\u00ednimo de 03 personas y un m\u00e1ximo de 05 personas. Llenar formato de afiliaci\u00f3n (con el apoyo del promotor de ventas). Adjuntar la copia de DNI de\u2026","rel":"","context":"Entrada similar","block_context":{"text":"Entrada similar","link":""},"img":{"alt_text":"","src":"https:\/\/i0.wp.com\/www.sbcajamarca.com.pe\/wp-content\/uploads\/2025\/06\/nuevo-1-scaled.jpg?resize=350%2C200&ssl=1","width":350,"height":200,"srcset":"https:\/\/i0.wp.com\/www.sbcajamarca.com.pe\/wp-content\/uploads\/2025\/06\/nuevo-1-scaled.jpg?resize=350%2C200&ssl=1 1x, https:\/\/i0.wp.com\/www.sbcajamarca.com.pe\/wp-content\/uploads\/2025\/06\/nuevo-1-scaled.jpg?resize=525%2C300&ssl=1 1.5x, https:\/\/i0.wp.com\/www.sbcajamarca.com.pe\/wp-content\/uploads\/2025\/06\/nuevo-1-scaled.jpg?resize=700%2C400&ssl=1 2x, https:\/\/i0.wp.com\/www.sbcajamarca.com.pe\/wp-content\/uploads\/2025\/06\/nuevo-1-scaled.jpg?resize=1050%2C600&ssl=1 3x, https:\/\/i0.wp.com\/www.sbcajamarca.com.pe\/wp-content\/uploads\/2025\/06\/nuevo-1-scaled.jpg?resize=1400%2C800&ssl=1 4x"},"classes":[]}],"_links":{"self":[{"href":"https:\/\/www.sbcajamarca.com.pe\/index.php?rest_route=\/wp\/v2\/pages\/485","targetHints":{"allow":["GET"]}}],"collection":[{"href":"https:\/\/www.sbcajamarca.com.pe\/index.php?rest_route=\/wp\/v2\/pages"}],"about":[{"href":"https:\/\/www.sbcajamarca.com.pe\/index.php?rest_route=\/wp\/v2\/types\/page"}],"author":[{"embeddable":true,"href":"https:\/\/www.sbcajamarca.com.pe\/index.php?rest_route=\/wp\/v2\/users\/1"}],"replies":[{"embeddable":true,"href":"https:\/\/www.sbcajamarca.com.pe\/index.php?rest_route=%2Fwp%2Fv2%2Fcomments&post=485"}],"version-history":[{"count":15,"href":"https:\/\/www.sbcajamarca.com.pe\/index.php?rest_route=\/wp\/v2\/pages\/485\/revisions"}],"predecessor-version":[{"id":2452,"href":"https:\/\/www.sbcajamarca.com.pe\/index.php?rest_route=\/wp\/v2\/pages\/485\/revisions\/2452"}],"wp:attachment":[{"href":"https:\/\/www.sbcajamarca.com.pe\/index.php?rest_route=%2Fwp%2Fv2%2Fmedia&parent=485"}],"curies":[{"name":"wp","href":"https:\/\/api.w.org\/{rel}","templated":true}]}}