{"id":755,"date":"2025-06-17T12:53:08","date_gmt":"2025-06-17T17:53:08","guid":{"rendered":"https:\/\/pe795.wordpress.com\/?page_id=755"},"modified":"2026-03-06T17:59:05","modified_gmt":"2026-03-06T17:59:05","slug":"directorio","status":"publish","type":"page","link":"https:\/\/www.sbcajamarca.com.pe\/?page_id=755","title":{"rendered":"DIRECTORIO"},"content":{"rendered":"\n<div class=\"wp-block-cover alignfull is-light has-contrast-color has-text-color has-link-color wp-elements-323dd4119818ccab5158fd05cb3ec2a2 wp-duotone-unset-2\" style=\"margin-top:0;margin-bottom:0;padding-top:var(--wp--preset--spacing--60);padding-right:var(--wp--preset--spacing--50);padding-bottom:var(--wp--preset--spacing--60);padding-left:var(--wp--preset--spacing--50);min-height:54px;aspect-ratio:unset;\"><span aria-hidden=\"true\" class=\"wp-block-cover__background has-base-background-color has-background-dim-100 has-background-dim\"><\/span><div class=\"wp-block-cover__inner-container has-global-padding is-layout-constrained wp-container-core-cover-is-layout-873ee6b1 wp-block-cover-is-layout-constrained\">\n<p class=\"has-text-align-center is-style-text-subtitle has-fira-code-font-family has-xx-large-font-size is-style-text-subtitle--1\"><strong>DIRECTORIO DE LA SBC<\/strong><\/p>\n<\/div><\/div>\n\n\n\n<div class=\"wp-block-columns is-layout-flex wp-container-core-columns-is-layout-28f84493 wp-block-columns-is-layout-flex\">\n<div class=\"wp-block-column is-layout-flow wp-block-column-is-layout-flow\">\n<div class=\"wp-block-jetpack-slideshow aligncenter\" data-autoplay=\"true\" data-delay=\"3\" data-effect=\"slide\" style=\"--aspect-ratio:calc(819 \/ 1024)\"><div class=\"wp-block-jetpack-slideshow_container swiper\"><ul class=\"wp-block-jetpack-slideshow_swiper-wrapper swiper-wrapper\"><li class=\"wp-block-jetpack-slideshow_slide swiper-slide\"><figure><img fetchpriority=\"high\" decoding=\"async\" width=\"819\" height=\"1024\" alt=\"\" class=\"wp-block-jetpack-slideshow_image wp-image-761\" data-id=\"761\" data-aspect-ratio=\"819 \/ 1024\" src=\"https:\/\/www.sbcajamarca.com.pe\/wp-content\/uploads\/2025\/06\/post-de-instagram-feliz-cumpleanos-moderno-azul-y-dorado-3-5-819x1024.png\" srcset=\"https:\/\/www.sbcajamarca.com.pe\/wp-content\/uploads\/2025\/06\/post-de-instagram-feliz-cumpleanos-moderno-azul-y-dorado-3-5-819x1024.png 819w, https:\/\/www.sbcajamarca.com.pe\/wp-content\/uploads\/2025\/06\/post-de-instagram-feliz-cumpleanos-moderno-azul-y-dorado-3-5-240x300.png 240w, https:\/\/www.sbcajamarca.com.pe\/wp-content\/uploads\/2025\/06\/post-de-instagram-feliz-cumpleanos-moderno-azul-y-dorado-3-5-768x960.png 768w, https:\/\/www.sbcajamarca.com.pe\/wp-content\/uploads\/2025\/06\/post-de-instagram-feliz-cumpleanos-moderno-azul-y-dorado-3-5.png 1080w\" sizes=\"(max-width: 819px) 100vw, 819px\" \/><\/figure><\/li><li class=\"wp-block-jetpack-slideshow_slide swiper-slide\"><figure><img decoding=\"async\" width=\"819\" height=\"1024\" alt=\"\" class=\"wp-block-jetpack-slideshow_image wp-image-748\" data-id=\"748\" data-aspect-ratio=\"819 \/ 1024\" src=\"https:\/\/www.sbcajamarca.com.pe\/wp-content\/uploads\/2025\/06\/post-de-instagram-feliz-cumpleanos-moderno-azul-y-dorado-4-2-819x1024.png\" srcset=\"https:\/\/www.sbcajamarca.com.pe\/wp-content\/uploads\/2025\/06\/post-de-instagram-feliz-cumpleanos-moderno-azul-y-dorado-4-2-819x1024.png 819w, https:\/\/www.sbcajamarca.com.pe\/wp-content\/uploads\/2025\/06\/post-de-instagram-feliz-cumpleanos-moderno-azul-y-dorado-4-2-240x300.png 240w, https:\/\/www.sbcajamarca.com.pe\/wp-content\/uploads\/2025\/06\/post-de-instagram-feliz-cumpleanos-moderno-azul-y-dorado-4-2-768x960.png 768w, https:\/\/www.sbcajamarca.com.pe\/wp-content\/uploads\/2025\/06\/post-de-instagram-feliz-cumpleanos-moderno-azul-y-dorado-4-2.png 1080w\" sizes=\"(max-width: 819px) 100vw, 819px\" \/><\/figure><\/li><li class=\"wp-block-jetpack-slideshow_slide swiper-slide\"><figure><img decoding=\"async\" width=\"819\" height=\"1024\" alt=\"\" class=\"wp-block-jetpack-slideshow_image wp-image-747\" data-id=\"747\" data-aspect-ratio=\"819 \/ 1024\" src=\"https:\/\/www.sbcajamarca.com.pe\/wp-content\/uploads\/2025\/06\/post-de-instagram-feliz-cumpleanos-moderno-azul-y-dorado-5-2-819x1024.png\" srcset=\"https:\/\/www.sbcajamarca.com.pe\/wp-content\/uploads\/2025\/06\/post-de-instagram-feliz-cumpleanos-moderno-azul-y-dorado-5-2-819x1024.png 819w, https:\/\/www.sbcajamarca.com.pe\/wp-content\/uploads\/2025\/06\/post-de-instagram-feliz-cumpleanos-moderno-azul-y-dorado-5-2-240x300.png 240w, https:\/\/www.sbcajamarca.com.pe\/wp-content\/uploads\/2025\/06\/post-de-instagram-feliz-cumpleanos-moderno-azul-y-dorado-5-2-768x960.png 768w, https:\/\/www.sbcajamarca.com.pe\/wp-content\/uploads\/2025\/06\/post-de-instagram-feliz-cumpleanos-moderno-azul-y-dorado-5-2.png 1080w\" sizes=\"(max-width: 819px) 100vw, 819px\" \/><\/figure><\/li><li class=\"wp-block-jetpack-slideshow_slide swiper-slide\"><figure><img loading=\"lazy\" decoding=\"async\" width=\"819\" height=\"1024\" alt=\"\" class=\"wp-block-jetpack-slideshow_image wp-image-746\" data-id=\"746\" data-aspect-ratio=\"819 \/ 1024\" src=\"https:\/\/www.sbcajamarca.com.pe\/wp-content\/uploads\/2025\/06\/post-de-instagram-feliz-cumpleanos-moderno-azul-y-dorado-7-819x1024.png\" srcset=\"https:\/\/www.sbcajamarca.com.pe\/wp-content\/uploads\/2025\/06\/post-de-instagram-feliz-cumpleanos-moderno-azul-y-dorado-7-819x1024.png 819w, https:\/\/www.sbcajamarca.com.pe\/wp-content\/uploads\/2025\/06\/post-de-instagram-feliz-cumpleanos-moderno-azul-y-dorado-7-240x300.png 240w, https:\/\/www.sbcajamarca.com.pe\/wp-content\/uploads\/2025\/06\/post-de-instagram-feliz-cumpleanos-moderno-azul-y-dorado-7-768x960.png 768w, https:\/\/www.sbcajamarca.com.pe\/wp-content\/uploads\/2025\/06\/post-de-instagram-feliz-cumpleanos-moderno-azul-y-dorado-7.png 1080w\" sizes=\"(max-width: 819px) 100vw, 819px\" \/><\/figure><\/li><li class=\"wp-block-jetpack-slideshow_slide swiper-slide\"><figure><img loading=\"lazy\" decoding=\"async\" width=\"819\" height=\"1024\" alt=\"\" class=\"wp-block-jetpack-slideshow_image wp-image-745\" data-id=\"745\" data-aspect-ratio=\"819 \/ 1024\" src=\"https:\/\/www.sbcajamarca.com.pe\/wp-content\/uploads\/2025\/06\/post-de-instagram-feliz-cumpleanos-moderno-azul-y-dorado-1-4-819x1024.png\" srcset=\"https:\/\/www.sbcajamarca.com.pe\/wp-content\/uploads\/2025\/06\/post-de-instagram-feliz-cumpleanos-moderno-azul-y-dorado-1-4-819x1024.png 819w, https:\/\/www.sbcajamarca.com.pe\/wp-content\/uploads\/2025\/06\/post-de-instagram-feliz-cumpleanos-moderno-azul-y-dorado-1-4-240x300.png 240w, https:\/\/www.sbcajamarca.com.pe\/wp-content\/uploads\/2025\/06\/post-de-instagram-feliz-cumpleanos-moderno-azul-y-dorado-1-4-768x960.png 768w, https:\/\/www.sbcajamarca.com.pe\/wp-content\/uploads\/2025\/06\/post-de-instagram-feliz-cumpleanos-moderno-azul-y-dorado-1-4.png 1080w\" sizes=\"(max-width: 819px) 100vw, 819px\" \/><\/figure><\/li><\/ul><a class=\"wp-block-jetpack-slideshow_button-prev swiper-button-prev swiper-button-white\" role=\"button\"><\/a><a class=\"wp-block-jetpack-slideshow_button-next swiper-button-next swiper-button-white\" role=\"button\"><\/a><a aria-label=\"Pause Slideshow\" class=\"wp-block-jetpack-slideshow_button-pause\" role=\"button\"><\/a><div class=\"wp-block-jetpack-slideshow_pagination swiper-pagination swiper-pagination-white\"><\/div><\/div><\/div>\n<\/div>\n<\/div>\n","protected":false},"excerpt":{"rendered":"","protected":false},"author":1,"featured_media":0,"parent":0,"menu_order":0,"comment_status":"closed","ping_status":"closed","template":"page-no-title","meta":{"footnotes":""},"class_list":["post-755","page","type-page","status-publish","hentry"],"yoast_head":"<!-- This site is optimized with the Yoast SEO plugin v27.6 - https:\/\/yoast.com\/product\/yoast-seo-wordpress\/ -->\n<title>DIRECTORIO - Sociedad de Beneficencia de Cajamarca<\/title>\n<meta name=\"robots\" content=\"index, follow, max-snippet:-1, max-image-preview:large, max-video-preview:-1\" \/>\n<link rel=\"canonical\" href=\"https:\/\/www.sbcajamarca.com.pe\/?page_id=755\" \/>\n<meta property=\"og:locale\" content=\"es_ES\" \/>\n<meta property=\"og:type\" content=\"article\" \/>\n<meta property=\"og:title\" content=\"DIRECTORIO - Sociedad de Beneficencia de Cajamarca\" \/>\n<meta property=\"og:url\" content=\"https:\/\/www.sbcajamarca.com.pe\/?page_id=755\" \/>\n<meta property=\"og:site_name\" content=\"Sociedad de Beneficencia de Cajamarca\" \/>\n<meta property=\"article:modified_time\" content=\"2026-03-06T17:59:05+00:00\" \/>\n<meta property=\"og:image\" content=\"https:\/\/www.sbcajamarca.com.pe\/wp-content\/uploads\/2025\/06\/post-de-instagram-feliz-cumpleanos-moderno-azul-y-dorado-3-5.png\" \/>\n\t<meta property=\"og:image:width\" content=\"1080\" \/>\n\t<meta property=\"og:image:height\" content=\"1350\" \/>\n\t<meta property=\"og:image:type\" content=\"image\/png\" \/>\n<meta name=\"twitter:card\" content=\"summary_large_image\" \/>\n<meta name=\"twitter:label1\" content=\"Tiempo de lectura\" \/>\n\t<meta name=\"twitter:data1\" content=\"2 minutos\" \/>\n<script type=\"application\/ld+json\" class=\"yoast-schema-graph\">{\"@context\":\"https:\\\/\\\/schema.org\",\"@graph\":[{\"@type\":\"WebPage\",\"@id\":\"https:\\\/\\\/www.sbcajamarca.com.pe\\\/?page_id=755\",\"url\":\"https:\\\/\\\/www.sbcajamarca.com.pe\\\/?page_id=755\",\"name\":\"DIRECTORIO - Sociedad de Beneficencia de Cajamarca\",\"isPartOf\":{\"@id\":\"https:\\\/\\\/www.sbcajamarca.com.pe\\\/#website\"},\"primaryImageOfPage\":{\"@id\":\"https:\\\/\\\/www.sbcajamarca.com.pe\\\/?page_id=755#primaryimage\"},\"image\":{\"@id\":\"https:\\\/\\\/www.sbcajamarca.com.pe\\\/?page_id=755#primaryimage\"},\"thumbnailUrl\":\"https:\\\/\\\/www.sbcajamarca.com.pe\\\/wp-content\\\/uploads\\\/2025\\\/06\\\/post-de-instagram-feliz-cumpleanos-moderno-azul-y-dorado-3-5-819x1024.png\",\"datePublished\":\"2025-06-17T17:53:08+00:00\",\"dateModified\":\"2026-03-06T17:59:05+00:00\",\"breadcrumb\":{\"@id\":\"https:\\\/\\\/www.sbcajamarca.com.pe\\\/?page_id=755#breadcrumb\"},\"inLanguage\":\"es\",\"potentialAction\":[{\"@type\":\"ReadAction\",\"target\":[\"https:\\\/\\\/www.sbcajamarca.com.pe\\\/?page_id=755\"]}]},{\"@type\":\"ImageObject\",\"inLanguage\":\"es\",\"@id\":\"https:\\\/\\\/www.sbcajamarca.com.pe\\\/?page_id=755#primaryimage\",\"url\":\"https:\\\/\\\/www.sbcajamarca.com.pe\\\/wp-content\\\/uploads\\\/2025\\\/06\\\/post-de-instagram-feliz-cumpleanos-moderno-azul-y-dorado-3-5.png\",\"contentUrl\":\"https:\\\/\\\/www.sbcajamarca.com.pe\\\/wp-content\\\/uploads\\\/2025\\\/06\\\/post-de-instagram-feliz-cumpleanos-moderno-azul-y-dorado-3-5.png\",\"width\":1080,\"height\":1350},{\"@type\":\"BreadcrumbList\",\"@id\":\"https:\\\/\\\/www.sbcajamarca.com.pe\\\/?page_id=755#breadcrumb\",\"itemListElement\":[{\"@type\":\"ListItem\",\"position\":1,\"name\":\"Portada\",\"item\":\"https:\\\/\\\/www.sbcajamarca.com.pe\\\/\"},{\"@type\":\"ListItem\",\"position\":2,\"name\":\"DIRECTORIO\"}]},{\"@type\":\"WebSite\",\"@id\":\"https:\\\/\\\/www.sbcajamarca.com.pe\\\/#website\",\"url\":\"https:\\\/\\\/www.sbcajamarca.com.pe\\\/\",\"name\":\"Sociedad de Beneficencia de Cajamarca\",\"description\":\"&quot;Trabajando por los mas vulnerables&quot;\",\"alternateName\":\"SBC\",\"potentialAction\":[{\"@type\":\"SearchAction\",\"target\":{\"@type\":\"EntryPoint\",\"urlTemplate\":\"https:\\\/\\\/www.sbcajamarca.com.pe\\\/?s={search_term_string}\"},\"query-input\":{\"@type\":\"PropertyValueSpecification\",\"valueRequired\":true,\"valueName\":\"search_term_string\"}}],\"inLanguage\":\"es\"}]}<\/script>\n<!-- \/ Yoast SEO plugin. -->","yoast_head_json":{"title":"DIRECTORIO - Sociedad de Beneficencia de Cajamarca","robots":{"index":"index","follow":"follow","max-snippet":"max-snippet:-1","max-image-preview":"max-image-preview:large","max-video-preview":"max-video-preview:-1"},"canonical":"https:\/\/www.sbcajamarca.com.pe\/?page_id=755","og_locale":"es_ES","og_type":"article","og_title":"DIRECTORIO - Sociedad de Beneficencia de Cajamarca","og_url":"https:\/\/www.sbcajamarca.com.pe\/?page_id=755","og_site_name":"Sociedad de Beneficencia de Cajamarca","article_modified_time":"2026-03-06T17:59:05+00:00","og_image":[{"width":1080,"height":1350,"url":"https:\/\/www.sbcajamarca.com.pe\/wp-content\/uploads\/2025\/06\/post-de-instagram-feliz-cumpleanos-moderno-azul-y-dorado-3-5.png","type":"image\/png"}],"twitter_card":"summary_large_image","twitter_misc":{"Tiempo de lectura":"2 minutos"},"schema":{"@context":"https:\/\/schema.org","@graph":[{"@type":"WebPage","@id":"https:\/\/www.sbcajamarca.com.pe\/?page_id=755","url":"https:\/\/www.sbcajamarca.com.pe\/?page_id=755","name":"DIRECTORIO - Sociedad de Beneficencia de Cajamarca","isPartOf":{"@id":"https:\/\/www.sbcajamarca.com.pe\/#website"},"primaryImageOfPage":{"@id":"https:\/\/www.sbcajamarca.com.pe\/?page_id=755#primaryimage"},"image":{"@id":"https:\/\/www.sbcajamarca.com.pe\/?page_id=755#primaryimage"},"thumbnailUrl":"https:\/\/www.sbcajamarca.com.pe\/wp-content\/uploads\/2025\/06\/post-de-instagram-feliz-cumpleanos-moderno-azul-y-dorado-3-5-819x1024.png","datePublished":"2025-06-17T17:53:08+00:00","dateModified":"2026-03-06T17:59:05+00:00","breadcrumb":{"@id":"https:\/\/www.sbcajamarca.com.pe\/?page_id=755#breadcrumb"},"inLanguage":"es","potentialAction":[{"@type":"ReadAction","target":["https:\/\/www.sbcajamarca.com.pe\/?page_id=755"]}]},{"@type":"ImageObject","inLanguage":"es","@id":"https:\/\/www.sbcajamarca.com.pe\/?page_id=755#primaryimage","url":"https:\/\/www.sbcajamarca.com.pe\/wp-content\/uploads\/2025\/06\/post-de-instagram-feliz-cumpleanos-moderno-azul-y-dorado-3-5.png","contentUrl":"https:\/\/www.sbcajamarca.com.pe\/wp-content\/uploads\/2025\/06\/post-de-instagram-feliz-cumpleanos-moderno-azul-y-dorado-3-5.png","width":1080,"height":1350},{"@type":"BreadcrumbList","@id":"https:\/\/www.sbcajamarca.com.pe\/?page_id=755#breadcrumb","itemListElement":[{"@type":"ListItem","position":1,"name":"Portada","item":"https:\/\/www.sbcajamarca.com.pe\/"},{"@type":"ListItem","position":2,"name":"DIRECTORIO"}]},{"@type":"WebSite","@id":"https:\/\/www.sbcajamarca.com.pe\/#website","url":"https:\/\/www.sbcajamarca.com.pe\/","name":"Sociedad de Beneficencia de Cajamarca","description":"&quot;Trabajando por los mas vulnerables&quot;","alternateName":"SBC","potentialAction":[{"@type":"SearchAction","target":{"@type":"EntryPoint","urlTemplate":"https:\/\/www.sbcajamarca.com.pe\/?s={search_term_string}"},"query-input":{"@type":"PropertyValueSpecification","valueRequired":true,"valueName":"search_term_string"}}],"inLanguage":"es"}]}},"jetpack_sharing_enabled":true,"jetpack-related-posts":[{"id":188,"url":"https:\/\/www.sbcajamarca.com.pe\/?page_id=188","url_meta":{"origin":755,"position":0},"title":"HISTORIA","author":"SBC_Admin","date":"17\/06\/2025","format":false,"excerpt":"HISTORIA La Sociedad fue establecida mediante Resoluci\u00f3n Suprema el 5 de noviembre de 1847, durante el gobierno del Gran Mariscal Ram\u00f3n Castilla.\u00a0 Primer Directorio: Juan P\u00edo Burga (Vicario de la provincia) Coronel Jos\u00e9 G\u00e1lvez Paz Jos\u00e9 Rosas Barrantes Dr. Juan Alzamora Vicente Souza En sus inicios, la Beneficencia asumi\u00f3 la\u2026","rel":"","context":"Entrada similar","block_context":{"text":"Entrada similar","link":""},"img":{"alt_text":"","src":"https:\/\/i0.wp.com\/www.sbcajamarca.com.pe\/wp-content\/uploads\/2025\/05\/iglesia-san-francisco-1887.jpg?resize=350%2C200&ssl=1","width":350,"height":200,"srcset":"https:\/\/i0.wp.com\/www.sbcajamarca.com.pe\/wp-content\/uploads\/2025\/05\/iglesia-san-francisco-1887.jpg?resize=350%2C200&ssl=1 1x, https:\/\/i0.wp.com\/www.sbcajamarca.com.pe\/wp-content\/uploads\/2025\/05\/iglesia-san-francisco-1887.jpg?resize=525%2C300&ssl=1 1.5x"},"classes":[]}],"_links":{"self":[{"href":"https:\/\/www.sbcajamarca.com.pe\/index.php?rest_route=\/wp\/v2\/pages\/755","targetHints":{"allow":["GET"]}}],"collection":[{"href":"https:\/\/www.sbcajamarca.com.pe\/index.php?rest_route=\/wp\/v2\/pages"}],"about":[{"href":"https:\/\/www.sbcajamarca.com.pe\/index.php?rest_route=\/wp\/v2\/types\/page"}],"author":[{"embeddable":true,"href":"https:\/\/www.sbcajamarca.com.pe\/index.php?rest_route=\/wp\/v2\/users\/1"}],"replies":[{"embeddable":true,"href":"https:\/\/www.sbcajamarca.com.pe\/index.php?rest_route=%2Fwp%2Fv2%2Fcomments&post=755"}],"version-history":[{"count":9,"href":"https:\/\/www.sbcajamarca.com.pe\/index.php?rest_route=\/wp\/v2\/pages\/755\/revisions"}],"predecessor-version":[{"id":2987,"href":"https:\/\/www.sbcajamarca.com.pe\/index.php?rest_route=\/wp\/v2\/pages\/755\/revisions\/2987"}],"wp:attachment":[{"href":"https:\/\/www.sbcajamarca.com.pe\/index.php?rest_route=%2Fwp%2Fv2%2Fmedia&parent=755"}],"curies":[{"name":"wp","href":"https:\/\/api.w.org\/{rel}","templated":true}]}}